{"id":983,"date":"2022-07-10T15:41:56","date_gmt":"2022-07-10T13:41:56","guid":{"rendered":"https:\/\/jjm.gcjm.de\/?page_id=983"},"modified":"2022-07-13T17:05:03","modified_gmt":"2022-07-13T15:05:03","slug":"orgelkonzert","status":"publish","type":"page","link":"https:\/\/jjm.gcjm.de\/?page_id=983","title":{"rendered":"Orgelkonzert"},"content":{"rendered":"<p>Mitte Mai 2022 fand ein gro\u00dfes M\u00fcller &#8211; Familentreffen mit Kindern und Kindeskindern in Ro\u00dfbach statt. So traf es sich gut, dass em. Domorganist Thomas Sauer in Jena ein Orgelkonzert gab, an dem einige Familienmitglieder teilnehmen konnten:<\/p>\n<figure class=\"wp-block-gallery has-nested-images columns-default is-cropped wp-block-gallery-1 is-layout-flex wp-block-gallery-is-layout-flex\">\n<figure class=\"wp-block-image size-thumbnail\"><a href=\"https:\/\/jjm.gcjm.de\/wp-content\/uploads\/2022\/07\/2022_0515_OrgelkonzertJenaProgramm-1.jpg\"><img loading=\"lazy\" decoding=\"async\" width=\"150\" height=\"150\" data-id=\"989\" src=\"https:\/\/jjm.gcjm.de\/wp-content\/uploads\/2022\/07\/2022_0515_OrgelkonzertJenaProgramm-1-150x150.jpg\" alt=\"\" class=\"wp-image-989\"\/><\/a><figcaption>Thomas Sauers<br \/>Konzert &#8211; Programm<\/figcaption><\/figure>\n<figure class=\"wp-block-image size-thumbnail\"><a href=\"https:\/\/jjm.gcjm.de\/wp-content\/uploads\/2022\/07\/1943_0000_WolfgangHaukeOrgel.jpg\"><img loading=\"lazy\" decoding=\"async\" width=\"150\" height=\"150\" data-id=\"988\" src=\"https:\/\/jjm.gcjm.de\/wp-content\/uploads\/2022\/07\/1943_0000_WolfgangHaukeOrgel-150x150.jpg\" alt=\"\" class=\"wp-image-988\"\/><\/a><figcaption>Wolfgang an der Orgel<br \/>in Breslau, ca. 16 Jahre<\/figcaption><\/figure>\n<figure class=\"wp-block-image size-thumbnail\"><a href=\"https:\/\/jjm.gcjm.de\/wp-content\/uploads\/2022\/07\/2022_0515_OrgelkonzertJenaThSauer02.jpg\"><img loading=\"lazy\" decoding=\"async\" width=\"150\" height=\"150\" data-id=\"991\" src=\"https:\/\/jjm.gcjm.de\/wp-content\/uploads\/2022\/07\/2022_0515_OrgelkonzertJenaThSauer02-150x150.jpg\" alt=\"\" class=\"wp-image-991\"\/><\/a><figcaption>Die Original-Noten<\/figcaption><\/figure>\n<\/figure>\n<div class=\"wp-block-group is-nowrap is-layout-flex wp-container-core-group-is-layout-ad2f72ca wp-block-group-is-layout-flex\">\n<p class=\"has-text-align-left\">Wolfgang h\u00e4tte sich sicherlich durch diese &#8222;Urauff\u00fchrung&#8220; (nach fast 80 Jahren) sehr geehrt gef\u00fchlt, zumal sein St\u00fcck mit gro\u00dfen Komponisten zusammen erklang, besonders mit J.S.Bach, den er sehr verehrte. <br \/>Die Noten von Wolfgang hat meine Mutter Antonie, seine Schwester, 1945 \u00fcber die Flucht aus Breslau in ihrem wenigen Gep\u00e4ck gerettet, hier im Bild pr\u00e4sentiert von Thomas, meiner Schwester Maria und deren Tochter Theresa.<\/p>\n<\/div>\n<p class=\"has-text-align-center\"><a href=\"https:\/\/jjm.gcjm.de\/wp-content\/uploads\/2022\/07\/WHauke_cmoll_ThSauerJena.pdf\">Original &#8211; Noten (pdf, 2,5MB)<\/a><\/p>\n<figure class=\"wp-block-audio\"><audio controls src=\"https:\/\/jjm.gcjm.de\/wp-content\/uploads\/2022\/07\/WolfgangHauke_Prel_Fuga_cmoll.mp3\"><\/audio><figcaption>Pr\u00e4ludium und Fuge in c-moll (Wolfgang Hauke)<\/figcaption><\/figure>\n<p class=\"has-text-align-center\">\n<figure class=\"wp-block-audio\"><audio controls src=\"https:\/\/jjm.gcjm.de\/wp-content\/uploads\/2022\/07\/JSBach_AlleinGottInDerHoeh_BWV662.mp3\"><\/audio><figcaption>Choralbearbeitung &#8222;Allein Gott in der H\u00f6h sei Ehr&#8220; (J.S.Bach)<\/figcaption><\/figure><\/p>\n","protected":false},"excerpt":{"rendered":"<p>Mitte Mai 2022 fand ein gro\u00dfes M\u00fcller &#8211; Familentreffen mit Kindern und Kindeskindern in Ro\u00dfbach statt. So traf es sich gut, dass em. Domorganist Thomas Sauer in Jena ein Orgelkonzert gab, an dem einige Familienmitglieder teilnehmen konnten: Wolfgang h\u00e4tte sich sicherlich durch diese &#8222;Urauff\u00fchrung&#8220; (nach fast 80 Jahren) sehr geehrt gef\u00fchlt, zumal sein St\u00fcck mit&hellip; <a class=\"more-link\" href=\"https:\/\/jjm.gcjm.de\/?page_id=983\"><span class=\"screen-reader-text\">Orgelkonzert<\/span> weiterlesen<\/a><\/p>\n","protected":false},"author":1,"featured_media":0,"parent":0,"menu_order":0,"comment_status":"closed","ping_status":"closed","template":"","meta":{"footnotes":""},"class_list":["post-983","page","type-page","status-publish","hentry","entry"],"_links":{"self":[{"href":"https:\/\/jjm.gcjm.de\/index.php?rest_route=\/wp\/v2\/pages\/983","targetHints":{"allow":["GET"]}}],"collection":[{"href":"https:\/\/jjm.gcjm.de\/index.php?rest_route=\/wp\/v2\/pages"}],"about":[{"href":"https:\/\/jjm.gcjm.de\/index.php?rest_route=\/wp\/v2\/types\/page"}],"author":[{"embeddable":true,"href":"https:\/\/jjm.gcjm.de\/index.php?rest_route=\/wp\/v2\/users\/1"}],"replies":[{"embeddable":true,"href":"https:\/\/jjm.gcjm.de\/index.php?rest_route=%2Fwp%2Fv2%2Fcomments&post=983"}],"version-history":[{"count":14,"href":"https:\/\/jjm.gcjm.de\/index.php?rest_route=\/wp\/v2\/pages\/983\/revisions"}],"predecessor-version":[{"id":1036,"href":"https:\/\/jjm.gcjm.de\/index.php?rest_route=\/wp\/v2\/pages\/983\/revisions\/1036"}],"wp:attachment":[{"href":"https:\/\/jjm.gcjm.de\/index.php?rest_route=%2Fwp%2Fv2%2Fmedia&parent=983"}],"curies":[{"name":"wp","href":"https:\/\/api.w.org\/{rel}","templated":true}]}}