{"id":950,"date":"2022-07-07T20:53:55","date_gmt":"2022-07-07T18:53:55","guid":{"rendered":"https:\/\/jjm.gcjm.de\/?page_id=950"},"modified":"2022-07-10T20:58:00","modified_gmt":"2022-07-10T18:58:00","slug":"st-johannes-harzgerode","status":"publish","type":"page","link":"https:\/\/jjm.gcjm.de\/?page_id=950","title":{"rendered":"St. Johannes"},"content":{"rendered":"<p>Am 23.06.2022 wurde die Kirche St. Johannes der T\u00e4ufer in Harzgerode entwidmet, nachdem der Kirchenbesuch auf fast Null zur\u00fcck gegangen war. Sie wurde 1953 erbaut, weil ein Gotteshaus f\u00fcr Hunderte von Fl\u00fcchtlingen aus B\u00f6hmen und Schlesien ben\u00f6tigt wurde. Ich habe beim Bau als Kind mitgemacht: z.B. alte Ziegel abgeklopft. War auch Ministrant und habe hl. Erstkommunion und Firmung dort empfangen. Ebenso meine Geschwister. Unser Vater spielte jahrelang die Orgel, unsere Eltern feierten in der Kirche ihr Diamantenes Ehejubil\u00e4um und beide wurden von dort zu Grabe getragen. So kann die Kirche das geistliche Zuhause auch unserer Familie genannt werden. <\/p>\n<figure class=\"wp-block-gallery has-nested-images columns-default is-cropped wp-block-gallery-1 is-layout-flex wp-block-gallery-is-layout-flex\">\n<figure class=\"wp-block-image size-large\"><a href=\"https:\/\/jjm.gcjm.de\/wp-content\/uploads\/2022\/07\/1953_0000_GundsteinlegungSt.JohannesHarzgerode.jpg\"><img loading=\"lazy\" decoding=\"async\" width=\"1005\" height=\"601\" data-id=\"947\" src=\"https:\/\/jjm.gcjm.de\/wp-content\/uploads\/2022\/07\/1953_0000_GundsteinlegungSt.JohannesHarzgerode.jpg\" alt=\"\" class=\"wp-image-947\" srcset=\"https:\/\/jjm.gcjm.de\/wp-content\/uploads\/2022\/07\/1953_0000_GundsteinlegungSt.JohannesHarzgerode.jpg 1005w, https:\/\/jjm.gcjm.de\/wp-content\/uploads\/2022\/07\/1953_0000_GundsteinlegungSt.JohannesHarzgerode-300x179.jpg 300w, https:\/\/jjm.gcjm.de\/wp-content\/uploads\/2022\/07\/1953_0000_GundsteinlegungSt.JohannesHarzgerode-768x459.jpg 768w\" sizes=\"auto, (max-width: 1005px) 100vw, 1005px\" \/><\/a><figcaption>Grundsteinlegung  12.10.1952<\/figcaption><\/figure>\n<figure class=\"wp-block-image size-large\"><a href=\"https:\/\/jjm.gcjm.de\/wp-content\/uploads\/2022\/07\/1953_0000KirchePfarrheimPfarrhausHarzgerode.jpg\"><img loading=\"lazy\" decoding=\"async\" width=\"1089\" height=\"525\" data-id=\"936\" src=\"https:\/\/jjm.gcjm.de\/wp-content\/uploads\/2022\/07\/1953_0000KirchePfarrheimPfarrhausHarzgerode.jpg\" alt=\"\" class=\"wp-image-936\" srcset=\"https:\/\/jjm.gcjm.de\/wp-content\/uploads\/2022\/07\/1953_0000KirchePfarrheimPfarrhausHarzgerode.jpg 1089w, https:\/\/jjm.gcjm.de\/wp-content\/uploads\/2022\/07\/1953_0000KirchePfarrheimPfarrhausHarzgerode-300x145.jpg 300w, https:\/\/jjm.gcjm.de\/wp-content\/uploads\/2022\/07\/1953_0000KirchePfarrheimPfarrhausHarzgerode-1024x494.jpg 1024w, https:\/\/jjm.gcjm.de\/wp-content\/uploads\/2022\/07\/1953_0000KirchePfarrheimPfarrhausHarzgerode-768x370.jpg 768w\" sizes=\"auto, (max-width: 1089px) 100vw, 1089px\" \/><\/a><figcaption>Kirche, Heim, Pfarrhaus 1955<\/figcaption><\/figure>\n<figure class=\"wp-block-image size-large\"><a href=\"https:\/\/jjm.gcjm.de\/wp-content\/uploads\/2022\/07\/1954_0000_KircheStJohannesHarzgerode.jpg\"><img loading=\"lazy\" decoding=\"async\" width=\"925\" height=\"675\" data-id=\"937\" src=\"https:\/\/jjm.gcjm.de\/wp-content\/uploads\/2022\/07\/1954_0000_KircheStJohannesHarzgerode.jpg\" alt=\"\" class=\"wp-image-937\" srcset=\"https:\/\/jjm.gcjm.de\/wp-content\/uploads\/2022\/07\/1954_0000_KircheStJohannesHarzgerode.jpg 925w, https:\/\/jjm.gcjm.de\/wp-content\/uploads\/2022\/07\/1954_0000_KircheStJohannesHarzgerode-300x219.jpg 300w, https:\/\/jjm.gcjm.de\/wp-content\/uploads\/2022\/07\/1954_0000_KircheStJohannesHarzgerode-768x560.jpg 768w\" sizes=\"auto, (max-width: 925px) 100vw, 925px\" \/><\/a><figcaption>Altarraum 1955<\/figcaption><\/figure>\n<figure class=\"wp-block-image size-large\"><a href=\"https:\/\/jjm.gcjm.de\/wp-content\/uploads\/2022\/07\/1953_0000_AbschiedPfrLuedkemeier.jpg\"><img loading=\"lazy\" decoding=\"async\" width=\"553\" height=\"400\" data-id=\"946\" src=\"https:\/\/jjm.gcjm.de\/wp-content\/uploads\/2022\/07\/1953_0000_AbschiedPfrLuedkemeier.jpg\" alt=\"\" class=\"wp-image-946\" srcset=\"https:\/\/jjm.gcjm.de\/wp-content\/uploads\/2022\/07\/1953_0000_AbschiedPfrLuedkemeier.jpg 553w, https:\/\/jjm.gcjm.de\/wp-content\/uploads\/2022\/07\/1953_0000_AbschiedPfrLuedkemeier-300x217.jpg 300w\" sizes=\"auto, (max-width: 553px) 100vw, 553px\" \/><\/a><figcaption>Abschied Pfr. L\u00fctkemeier 1954<\/figcaption><\/figure>\n<figure class=\"wp-block-image size-large\"><a href=\"https:\/\/jjm.gcjm.de\/wp-content\/uploads\/2022\/07\/BannerStJohannes.jpg\"><img loading=\"lazy\" decoding=\"async\" width=\"1024\" height=\"643\" data-id=\"962\" src=\"https:\/\/jjm.gcjm.de\/wp-content\/uploads\/2022\/07\/BannerStJohannes-1024x643.jpg\" alt=\"\" class=\"wp-image-962\" srcset=\"https:\/\/jjm.gcjm.de\/wp-content\/uploads\/2022\/07\/BannerStJohannes-1024x643.jpg 1024w, https:\/\/jjm.gcjm.de\/wp-content\/uploads\/2022\/07\/BannerStJohannes-300x188.jpg 300w, https:\/\/jjm.gcjm.de\/wp-content\/uploads\/2022\/07\/BannerStJohannes-768x482.jpg 768w, https:\/\/jjm.gcjm.de\/wp-content\/uploads\/2022\/07\/BannerStJohannes.jpg 1451w\" sizes=\"auto, (max-width: 1024px) 100vw, 1024px\" \/><\/a><figcaption>Banner der Kirche, Kreuztr\u00e4ger: Ich <\/figcaption><\/figure>\n<figure class=\"wp-block-image size-large\"><a href=\"https:\/\/jjm.gcjm.de\/wp-content\/uploads\/2022\/07\/1955_0000_FirmungHarzgerode.jpg\"><img loading=\"lazy\" decoding=\"async\" width=\"981\" height=\"606\" data-id=\"939\" src=\"https:\/\/jjm.gcjm.de\/wp-content\/uploads\/2022\/07\/1955_0000_FirmungHarzgerode.jpg\" alt=\"\" class=\"wp-image-939\" srcset=\"https:\/\/jjm.gcjm.de\/wp-content\/uploads\/2022\/07\/1955_0000_FirmungHarzgerode.jpg 981w, https:\/\/jjm.gcjm.de\/wp-content\/uploads\/2022\/07\/1955_0000_FirmungHarzgerode-300x185.jpg 300w, https:\/\/jjm.gcjm.de\/wp-content\/uploads\/2022\/07\/1955_0000_FirmungHarzgerode-768x474.jpg 768w\" sizes=\"auto, (max-width: 981px) 100vw, 981px\" \/><\/a><figcaption>Pfr. Wagner begr\u00fc\u00dft Bischof<\/figcaption><\/figure>\n<figure class=\"wp-block-image size-large\"><a href=\"https:\/\/jjm.gcjm.de\/wp-content\/uploads\/2022\/07\/1956_0000_OnkelPaul_Kinder_KircheHarzgerode.jpg\"><img loading=\"lazy\" decoding=\"async\" width=\"424\" height=\"579\" data-id=\"940\" src=\"https:\/\/jjm.gcjm.de\/wp-content\/uploads\/2022\/07\/1956_0000_OnkelPaul_Kinder_KircheHarzgerode.jpg\" alt=\"\" class=\"wp-image-940\" srcset=\"https:\/\/jjm.gcjm.de\/wp-content\/uploads\/2022\/07\/1956_0000_OnkelPaul_Kinder_KircheHarzgerode.jpg 424w, https:\/\/jjm.gcjm.de\/wp-content\/uploads\/2022\/07\/1956_0000_OnkelPaul_Kinder_KircheHarzgerode-220x300.jpg 220w\" sizes=\"auto, (max-width: 424px) 100vw, 424px\" \/><\/a><figcaption>Onkel Paul mit 3 meiner Schwestern, ich rechts<\/figcaption><\/figure>\n<figure class=\"wp-block-image size-large\"><a href=\"https:\/\/jjm.gcjm.de\/wp-content\/uploads\/2022\/07\/1976_0502_PrimizKawohl_PapaHarzgerode-1.jpg\"><img loading=\"lazy\" decoding=\"async\" width=\"1024\" height=\"854\" data-id=\"956\" src=\"https:\/\/jjm.gcjm.de\/wp-content\/uploads\/2022\/07\/1976_0502_PrimizKawohl_PapaHarzgerode-1-1024x854.jpg\" alt=\"\" class=\"wp-image-956\" srcset=\"https:\/\/jjm.gcjm.de\/wp-content\/uploads\/2022\/07\/1976_0502_PrimizKawohl_PapaHarzgerode-1-1024x854.jpg 1024w, https:\/\/jjm.gcjm.de\/wp-content\/uploads\/2022\/07\/1976_0502_PrimizKawohl_PapaHarzgerode-1-300x250.jpg 300w, https:\/\/jjm.gcjm.de\/wp-content\/uploads\/2022\/07\/1976_0502_PrimizKawohl_PapaHarzgerode-1-768x641.jpg 768w, https:\/\/jjm.gcjm.de\/wp-content\/uploads\/2022\/07\/1976_0502_PrimizKawohl_PapaHarzgerode-1.jpg 1448w\" sizes=\"auto, (max-width: 1024px) 100vw, 1024px\" \/><\/a><figcaption>Papa an seiner Orgel 2.5.1976<\/figcaption><\/figure>\n<figure class=\"wp-block-image size-large\"><a href=\"https:\/\/jjm.gcjm.de\/wp-content\/uploads\/2022\/07\/MariaOrgel.jpg\"><img loading=\"lazy\" decoding=\"async\" width=\"494\" height=\"466\" data-id=\"959\" src=\"https:\/\/jjm.gcjm.de\/wp-content\/uploads\/2022\/07\/MariaOrgel.jpg\" alt=\"\" class=\"wp-image-959\" srcset=\"https:\/\/jjm.gcjm.de\/wp-content\/uploads\/2022\/07\/MariaOrgel.jpg 494w, https:\/\/jjm.gcjm.de\/wp-content\/uploads\/2022\/07\/MariaOrgel-300x283.jpg 300w\" sizes=\"auto, (max-width: 494px) 100vw, 494px\" \/><\/a><figcaption>Maria nach ihrer Orgelpr\u00fcfung<\/figcaption><\/figure>\n<figure class=\"wp-block-image size-large\"><a href=\"https:\/\/jjm.gcjm.de\/wp-content\/uploads\/2022\/07\/2000_0000_FelixJanJudithClaraKircheHarzgerode.jpg\"><img loading=\"lazy\" decoding=\"async\" width=\"597\" height=\"824\" data-id=\"942\" src=\"https:\/\/jjm.gcjm.de\/wp-content\/uploads\/2022\/07\/2000_0000_FelixJanJudithClaraKircheHarzgerode.jpg\" alt=\"\" class=\"wp-image-942\" srcset=\"https:\/\/jjm.gcjm.de\/wp-content\/uploads\/2022\/07\/2000_0000_FelixJanJudithClaraKircheHarzgerode.jpg 597w, https:\/\/jjm.gcjm.de\/wp-content\/uploads\/2022\/07\/2000_0000_FelixJanJudithClaraKircheHarzgerode-217x300.jpg 217w\" sizes=\"auto, (max-width: 597px) 100vw, 597px\" \/><\/a><figcaption>Unsere Kinder vor der Kirche<\/figcaption><\/figure>\n<figure class=\"wp-block-image size-large\"><a href=\"https:\/\/jjm.gcjm.de\/wp-content\/uploads\/2022\/07\/2022_0624_FigurenLiRe.jpg\"><img loading=\"lazy\" decoding=\"async\" width=\"701\" height=\"349\" data-id=\"944\" src=\"https:\/\/jjm.gcjm.de\/wp-content\/uploads\/2022\/07\/2022_0624_FigurenLiRe.jpg\" alt=\"\" class=\"wp-image-944\" srcset=\"https:\/\/jjm.gcjm.de\/wp-content\/uploads\/2022\/07\/2022_0624_FigurenLiRe.jpg 701w, https:\/\/jjm.gcjm.de\/wp-content\/uploads\/2022\/07\/2022_0624_FigurenLiRe-300x149.jpg 300w\" sizes=\"auto, (max-width: 701px) 100vw, 701px\" \/><\/a><figcaption>Heilige Thomas, Petrus, Philippus, Barabara. Gottesmutter<\/figcaption><\/figure>\n<figure class=\"wp-block-image size-large\"><a href=\"https:\/\/jjm.gcjm.de\/wp-content\/uploads\/2022\/07\/2022_0623_LiederHarzgerode.jpg\"><img loading=\"lazy\" decoding=\"async\" width=\"850\" height=\"998\" data-id=\"948\" src=\"https:\/\/jjm.gcjm.de\/wp-content\/uploads\/2022\/07\/2022_0623_LiederHarzgerode.jpg\" alt=\"\" class=\"wp-image-948\" srcset=\"https:\/\/jjm.gcjm.de\/wp-content\/uploads\/2022\/07\/2022_0623_LiederHarzgerode.jpg 850w, https:\/\/jjm.gcjm.de\/wp-content\/uploads\/2022\/07\/2022_0623_LiederHarzgerode-256x300.jpg 256w, https:\/\/jjm.gcjm.de\/wp-content\/uploads\/2022\/07\/2022_0623_LiederHarzgerode-768x902.jpg 768w\" sizes=\"auto, (max-width: 850px) 100vw, 850px\" \/><\/a><figcaption>Liederzettel f\u00fcr mich von <br \/>Pfr. Runge<\/figcaption><\/figure>\n<\/figure>\n<p><a href=\"https:\/\/jjm.gcjm.de\/wp-content\/uploads\/2022\/07\/2022_0623_PredigtEntwidmungHarzgerode.pdf\">Predigt von Pfarrer Runge mit kleiner Historie<\/a><\/p>\n<\/p>\n<div class=\"wp-block-media-text is-stacked-on-mobile\" style=\"grid-template-columns:25% auto\">\n<figure class=\"wp-block-media-text__media\"><video controls src=\"https:\/\/jjm.gcjm.de\/wp-content\/uploads\/2022\/07\/022_0624_HarzgerodeSchlusslied.mp4\"><\/video><\/figure>\n<div class=\"wp-block-media-text__content\">\n<p class=\"has-text-align-right has-large-font-size\">Schlusslied <br \/>&#8222;Gro\u00dfer Gott, wir loben dich&#8220;<br \/>und<br \/>Auszug<\/p>\n<\/div>\n<\/div>\n","protected":false},"excerpt":{"rendered":"<p>Am 23.06.2022 wurde die Kirche St. Johannes der T\u00e4ufer in Harzgerode entwidmet, nachdem der Kirchenbesuch auf fast Null zur\u00fcck gegangen war. Sie wurde 1953 erbaut, weil ein Gotteshaus f\u00fcr Hunderte von Fl\u00fcchtlingen aus B\u00f6hmen und Schlesien ben\u00f6tigt wurde. Ich habe beim Bau als Kind mitgemacht: z.B. alte Ziegel abgeklopft. War auch Ministrant und habe hl.&hellip; <a class=\"more-link\" href=\"https:\/\/jjm.gcjm.de\/?page_id=950\"><span class=\"screen-reader-text\">St. Johannes<\/span> weiterlesen<\/a><\/p>\n","protected":false},"author":1,"featured_media":0,"parent":0,"menu_order":0,"comment_status":"closed","ping_status":"closed","template":"","meta":{"footnotes":""},"class_list":["post-950","page","type-page","status-publish","hentry","entry"],"_links":{"self":[{"href":"https:\/\/jjm.gcjm.de\/index.php?rest_route=\/wp\/v2\/pages\/950","targetHints":{"allow":["GET"]}}],"collection":[{"href":"https:\/\/jjm.gcjm.de\/index.php?rest_route=\/wp\/v2\/pages"}],"about":[{"href":"https:\/\/jjm.gcjm.de\/index.php?rest_route=\/wp\/v2\/types\/page"}],"author":[{"embeddable":true,"href":"https:\/\/jjm.gcjm.de\/index.php?rest_route=\/wp\/v2\/users\/1"}],"replies":[{"embeddable":true,"href":"https:\/\/jjm.gcjm.de\/index.php?rest_route=%2Fwp%2Fv2%2Fcomments&post=950"}],"version-history":[{"count":21,"href":"https:\/\/jjm.gcjm.de\/index.php?rest_route=\/wp\/v2\/pages\/950\/revisions"}],"predecessor-version":[{"id":1009,"href":"https:\/\/jjm.gcjm.de\/index.php?rest_route=\/wp\/v2\/pages\/950\/revisions\/1009"}],"wp:attachment":[{"href":"https:\/\/jjm.gcjm.de\/index.php?rest_route=%2Fwp%2Fv2%2Fmedia&parent=950"}],"curies":[{"name":"wp","href":"https:\/\/api.w.org\/{rel}","templated":true}]}}