{"id":813,"date":"2021-10-05T11:45:51","date_gmt":"2021-10-05T09:45:51","guid":{"rendered":"https:\/\/jjm.gcjm.de\/?page_id=813"},"modified":"2025-11-28T12:48:47","modified_gmt":"2025-11-28T10:48:47","slug":"biesolds","status":"publish","type":"page","link":"https:\/\/jjm.gcjm.de\/?page_id=813","title":{"rendered":"Biesolds"},"content":{"rendered":"<div class=\"wp-block-image\">\n<figure class=\"aligncenter size-large is-resized\"><a href=\"https:\/\/jjm.gcjm.de\/wp-content\/uploads\/2021\/10\/Maci_HochzeitsbildMitNano.jpg\"><img loading=\"lazy\" decoding=\"async\" width=\"650\" height=\"1024\" src=\"https:\/\/jjm.gcjm.de\/wp-content\/uploads\/2021\/10\/Maci_HochzeitsbildMitNano-650x1024.jpg\" alt=\"\" class=\"wp-image-814\" style=\"width:292px;height:auto\" srcset=\"https:\/\/jjm.gcjm.de\/wp-content\/uploads\/2021\/10\/Maci_HochzeitsbildMitNano-650x1024.jpg 650w, https:\/\/jjm.gcjm.de\/wp-content\/uploads\/2021\/10\/Maci_HochzeitsbildMitNano-190x300.jpg 190w, https:\/\/jjm.gcjm.de\/wp-content\/uploads\/2021\/10\/Maci_HochzeitsbildMitNano.jpg 661w\" sizes=\"auto, (max-width: 650px) 100vw, 650px\" \/><\/a><\/figure>\n<\/div>\n<p class=\"has-text-align-center\">Hochzeit Josef und Monika Biesold<br \/>08.05.1951<\/p>\n<p class=\"has-text-align-center has-extra-small-font-size\">Die folgenden pdf &#8211; Dateien \u00f6ffnen auf derselben Seite.<br \/>Zu dieser Seite zur\u00fcck kommt man \u00fcber der &#8222;zur\u00fcck&#8220; &#8211; Pfeil.<\/p>\n<p class=\"has-text-align-center\"><a href=\"https:\/\/jjm.gcjm.de\/wp-content\/uploads\/2025\/09\/2025_0929_Beate_Hoeflein.pdf\" rel=\"nofollow\">Geburtshaus, Eltern und Geschwister von Josef in H\u00f6flein<\/a><\/p>\n<p class=\"has-text-align-center\">Gedichte Josef an Monika &#8211;<a href=\"https:\/\/jjm.gcjm.de\/wp-content\/uploads\/2025\/09\/1948_1231_NanoAnMoni.pdf\" rel=\"nofollow\"> 1948<\/a> und <a href=\"https:\/\/jjm.gcjm.de\/wp-content\/uploads\/2025\/09\/1949_0407_MoniGeburtstag.pdf\" rel=\"nofollow\">1949<\/a><\/p>\n<p class=\"has-text-align-center\"><a href=\"https:\/\/jjm.gcjm.de\/wp-content\/uploads\/2025\/09\/1953_0407_JakobHanaBiesoldAnJosef.pdf\" rel=\"nofollow\">Brief der Gro\u00dfeltern<\/a> Jakob und Hana Biesold an Sohn Josef<br \/>(Original und Transskript)<\/p><\/p>\n","protected":false},"excerpt":{"rendered":"<p>Hochzeit Josef und Monika Biesold08.05.1951 Die folgenden pdf &#8211; Dateien \u00f6ffnen auf derselben Seite.Zu dieser Seite zur\u00fcck kommt man \u00fcber der &#8222;zur\u00fcck&#8220; &#8211; Pfeil. Geburtshaus, Eltern und Geschwister von Josef in H\u00f6flein Gedichte Josef an Monika &#8211; 1948 und 1949 Brief der Gro\u00dfeltern Jakob und Hana Biesold an Sohn Josef(Original und Transskript)<\/p>\n","protected":false},"author":1,"featured_media":0,"parent":0,"menu_order":0,"comment_status":"closed","ping_status":"closed","template":"","meta":{"footnotes":""},"class_list":["post-813","page","type-page","status-publish","hentry","entry"],"_links":{"self":[{"href":"https:\/\/jjm.gcjm.de\/index.php?rest_route=\/wp\/v2\/pages\/813","targetHints":{"allow":["GET"]}}],"collection":[{"href":"https:\/\/jjm.gcjm.de\/index.php?rest_route=\/wp\/v2\/pages"}],"about":[{"href":"https:\/\/jjm.gcjm.de\/index.php?rest_route=\/wp\/v2\/types\/page"}],"author":[{"embeddable":true,"href":"https:\/\/jjm.gcjm.de\/index.php?rest_route=\/wp\/v2\/users\/1"}],"replies":[{"embeddable":true,"href":"https:\/\/jjm.gcjm.de\/index.php?rest_route=%2Fwp%2Fv2%2Fcomments&post=813"}],"version-history":[{"count":14,"href":"https:\/\/jjm.gcjm.de\/index.php?rest_route=\/wp\/v2\/pages\/813\/revisions"}],"predecessor-version":[{"id":2136,"href":"https:\/\/jjm.gcjm.de\/index.php?rest_route=\/wp\/v2\/pages\/813\/revisions\/2136"}],"wp:attachment":[{"href":"https:\/\/jjm.gcjm.de\/index.php?rest_route=%2Fwp%2Fv2%2Fmedia&parent=813"}],"curies":[{"name":"wp","href":"https:\/\/api.w.org\/{rel}","templated":true}]}}