{"id":694,"date":"2021-06-11T17:12:00","date_gmt":"2021-06-11T15:12:00","guid":{"rendered":"https:\/\/jjm.gcjm.de\/?page_id=694"},"modified":"2023-02-10T19:43:45","modified_gmt":"2023-02-10T17:43:45","slug":"kochbuch","status":"publish","type":"page","link":"https:\/\/jjm.gcjm.de\/?page_id=694","title":{"rendered":"Gasts"},"content":{"rendered":"<div class=\"wp-block-media-text alignwide is-stacked-on-mobile is-vertically-aligned-top\" style=\"grid-template-columns:41% auto\">\n<figure class=\"wp-block-media-text__media\"><img loading=\"lazy\" decoding=\"async\" width=\"733\" height=\"1024\" src=\"https:\/\/jjm.gcjm.de\/wp-content\/uploads\/2022\/12\/PaulGastKneipeFarbe-733x1024.jpg\" alt=\"\" class=\"wp-image-1194 size-full\" srcset=\"https:\/\/jjm.gcjm.de\/wp-content\/uploads\/2022\/12\/PaulGastKneipeFarbe-733x1024.jpg 733w, https:\/\/jjm.gcjm.de\/wp-content\/uploads\/2022\/12\/PaulGastKneipeFarbe-215x300.jpg 215w, https:\/\/jjm.gcjm.de\/wp-content\/uploads\/2022\/12\/PaulGastKneipeFarbe-768x1073.jpg 768w, https:\/\/jjm.gcjm.de\/wp-content\/uploads\/2022\/12\/PaulGastKneipeFarbe.jpg 916w\" sizes=\"auto, (max-width: 733px) 100vw, 733px\" \/><\/figure>\n<div class=\"wp-block-media-text__content\">\n<p class=\"has-extra-small-font-size\">Die Eltern meiner Gro\u00dfmutter Helene, die <strong>Gasts<\/strong> (poln. Go\u015b\u0107) , lebten in Kunersdorf \/ Kreis Oels in Schlesien. In ihrem kleinen H\u00e4uschen war neben der gro\u00dfen Familie u.a. eine kleine Gastst\u00e4tte, ein B\u00e4udel (= Laden f\u00fcr Lampen\u00f6l und andere Kleinigkeiten) , eine Poststation und ein kleines Gesch\u00e4ft untergebracht.<br \/>Hinter der Theke mein Urgro\u00dfvater Paul Gast, davor &#8222;Kirchvater&#8220; (=K\u00fcster) und Brieftr\u00e4ger, in den Gl\u00e4sern &#8222;Magenbitter&#8220;.<br \/><a href=\"https:\/\/jjm.gcjm.de\/wp-content\/uploads\/2022\/11\/1953_0700_Opa_Hauke_Von-Muehlenbauern-und-Muellern.pdf\">Johannes Hauke dankt posthum seinem Schwiegervater Paul Gast (1953)<\/a>  (pdf)<br \/><a href=\"https:\/\/jjm.gcjm.de\/wp-content\/uploads\/2022\/11\/FamilieGastKunersdorf.pdf\">Brief mit Kindergedichten und Liste der Gast &#8211; Familie in Kunersdorf (1984)<\/a> (pdf)<br \/>Auszug aus diesem Brief meiner Mutter, Antonie M\u00fcller, geborene Hauke:<br \/>Mein lieber Kunersdorfer Gro\u00dfvater Paul Gast (geboren10.8.1847 in Gro\u00dfleubusch,<br \/>gestorben 5.1.1926 in Kunersdorf, Kreis Oels)<br \/>Er heiratete seine verwitwete Schw\u00e4gerin (Frau seines 1872 verstorbenen Bruders Johann) und zog mit ihr in seiner ersten Ehe mit auf:<br \/>1 Auguste (1866-1913)<br \/>2. Agnes (1868-1901)<br \/>3. Martha, verehelichte Arndt (1870-1927)<br \/>Mit seiner ersten Frau, Auguste, geborene Gavel, hatte er folgende Kinder:<br \/>1 .Gertrud, verehelichte Reisch (1873-19..)<br \/>2. Richard(1876-1920) -&#8222;Post &#8211; Opas&#8220; (Johannes Hauke) bester Freund, durch den er sein Helenchen kennen und lieben lernte<br \/>3. Amalie (\u201eTanteMalchen\u201c) (1876-1967)<br \/>4. Antonie, verehelichte Stiller (1879-1970) , Mutter von \u201eStiller-Hansel\u201c u. \u201eHackbart-Lenchen\u201c.<br \/>Mit seiner zweiten Frau, meiner lieben Gro\u00dfmutter Susanne, geborene Kempe, hatte er noch 5 Kinder, und sein J\u00fcngstes, das war meine liebe Mutti, Helene Hauke,geb.Gast!<br \/>1. Maria (1882 \u2013 1950, gestorben in Bad K\u00f6sen) (\u201eTante Miezel\u201c, unsere Lieblingstante)<br \/>2. Paul (1884 \u2013 1968, gestorben in Senftenberg-Niederlausitz, Vater von Dr. Wolfgang Gast)<br \/>3. Georg (1885 \u2013 19.. gestorben in Deisenhofen, bei M\u00fcnchen)<br \/>4. C\u00e4cilie (1886-1981, gestorben in Birkenhead\/England) verehelichte Prengel<br \/>5. Helene (18.7.1889, geboren wie alle Gastkinder in Kunersdorf, Kreis Oels, gestorben in Bad K\u00f6sen am 8.10.1955) R.i.p.!<br \/>N\u00e4heres \u00fcber meinen lieben Gro\u00dfvater (und auch meine liebe Gro\u00dfmutter Susanne) hat uns sein Schwiegersohn, mein lieber Vater Johannes Hauke (geboren 11.6.1888 in Breslau, gestorben 15.3.1977) in seiner \u201eFamiliengeschichte\u201c aufgeschrieben.<\/p>\n<\/div>\n<\/div>\n<div class=\"wp-block-media-text alignwide has-media-on-the-right is-stacked-on-mobile\" style=\"grid-template-columns:auto 25%\">\n<div class=\"wp-block-media-text__content\">\n<p class=\"has-extra-small-font-size\">Apropos Getr\u00e4nke im Bild oben:<br \/>Lied &#8222;Klosterbitter&#8220; im schlesischen Dialekt<br \/>von Bernd Arwed Richter<br \/>zur Dichtung &#8222;Bergkrach&#8220; (der schlesischen Berge) <br \/>von Paul Keller<\/p>\n<\/div>\n<figure class=\"wp-block-media-text__media\"><img loading=\"lazy\" decoding=\"async\" width=\"765\" height=\"1024\" src=\"https:\/\/jjm.gcjm.de\/wp-content\/uploads\/2021\/06\/klusterbitter-765x1024.jpg\" alt=\"\" class=\"wp-image-754 size-full\" srcset=\"https:\/\/jjm.gcjm.de\/wp-content\/uploads\/2021\/06\/klusterbitter-765x1024.jpg 765w, https:\/\/jjm.gcjm.de\/wp-content\/uploads\/2021\/06\/klusterbitter-224x300.jpg 224w, https:\/\/jjm.gcjm.de\/wp-content\/uploads\/2021\/06\/klusterbitter-768x1028.jpg 768w, https:\/\/jjm.gcjm.de\/wp-content\/uploads\/2021\/06\/klusterbitter.jpg 800w\" sizes=\"auto, (max-width: 765px) 100vw, 765px\" \/><\/figure>\n<\/div>\n<\/p>\n<figure class=\"wp-block-audio aligncenter\"><audio controls src=\"https:\/\/jjm.gcjm.de\/wp-content\/uploads\/2021\/06\/KunersdorfKrsOels.mp3\"><\/audio><figcaption class=\"wp-element-caption\">&#8222;Kunersdorf&#8220; von Georg Hauke, Dias bisher vermisst<\/figcaption><\/figure>\n<p class=\"has-text-align-center\"><strong>Das Kochbuch von Helene Hauke, geb. Gast<\/strong><\/p>\n<figure class=\"wp-block-image size-large is-resized is-style-twentytwentyone-border\"><a href=\"https:\/\/jjm.gcjm.de\/wp-content\/uploads\/2021\/06\/nachruf_von_johannes_hauke.jpg\"><img loading=\"lazy\" decoding=\"async\" src=\"https:\/\/jjm.gcjm.de\/wp-content\/uploads\/2021\/06\/nachruf_von_johannes_hauke.jpg\" alt=\"\" class=\"wp-image-698\" width=\"610\" height=\"344\" srcset=\"https:\/\/jjm.gcjm.de\/wp-content\/uploads\/2021\/06\/nachruf_von_johannes_hauke.jpg 775w, https:\/\/jjm.gcjm.de\/wp-content\/uploads\/2021\/06\/nachruf_von_johannes_hauke-300x170.jpg 300w, https:\/\/jjm.gcjm.de\/wp-content\/uploads\/2021\/06\/nachruf_von_johannes_hauke-768x434.jpg 768w\" sizes=\"auto, (max-width: 610px) 100vw, 610px\" \/><\/a><figcaption class=\"wp-element-caption\">Nachruf in Johannes Haukes Tagebuch f\u00fcr seine Frau Helene<\/figcaption><\/figure>\n<div class=\"wp-block-image is-style-twentytwentyone-border\">\n<figure class=\"aligncenter size-large is-resized\"><a href=\"https:\/\/jjm.gcjm.de\/gcjm\/kochbuch_helenahauke\/index.htm\" target=\"_blank\" rel=\"noopener\"><img loading=\"lazy\" decoding=\"async\" src=\"https:\/\/jjm.gcjm.de\/wp-content\/uploads\/2021\/06\/S00-939x1024.jpg\" alt=\"\" class=\"wp-image-703\" width=\"223\" height=\"243\" srcset=\"https:\/\/jjm.gcjm.de\/wp-content\/uploads\/2021\/06\/S00-939x1024.jpg 939w, https:\/\/jjm.gcjm.de\/wp-content\/uploads\/2021\/06\/S00-275x300.jpg 275w, https:\/\/jjm.gcjm.de\/wp-content\/uploads\/2021\/06\/S00-768x838.jpg 768w, https:\/\/jjm.gcjm.de\/wp-content\/uploads\/2021\/06\/S00-1408x1536.jpg 1408w, https:\/\/jjm.gcjm.de\/wp-content\/uploads\/2021\/06\/S00.jpg 1447w\" sizes=\"auto, (max-width: 223px) 100vw, 223px\" \/><\/a><figcaption class=\"wp-element-caption\">Das Kochbuch: Klick aufs Bild<\/figcaption><\/figure>\n<\/div>\n<div class=\"wp-block-columns is-layout-flex wp-container-core-columns-is-layout-9d6595d7 wp-block-columns-is-layout-flex\">\n<div class=\"wp-block-column is-layout-flow wp-block-column-is-layout-flow\">\n<figure class=\"wp-block-image size-full is-resized is-style-twentytwentyone-border\"><a href=\"https:\/\/jjm.gcjm.de\/wp-content\/uploads\/2022\/02\/1946_0524_Brief_HeleneHauke_25.pdf\" target=\"_blank\" rel=\"noopener\"><img loading=\"lazy\" decoding=\"async\" src=\"https:\/\/jjm.gcjm.de\/wp-content\/uploads\/2022\/02\/1946_0524_BriefHeleneHauke.jpg\" alt=\"\" class=\"wp-image-917\" width=\"299\" height=\"270\"\/><\/a><figcaption class=\"wp-element-caption\">Klick aufs Bild<\/figcaption><\/figure>\n<\/div>\n<div class=\"wp-block-column is-layout-flow wp-block-column-is-layout-flow\">\n<p class=\"has-extra-small-font-size\">Fundst\u00fcck: Brief von 1946 von Helene an ihre Schwester C\u00e4cilie, die mit Tochter Ursula vor den Nazis nach England fliehen musste. Denn Ursula hatte einen j\u00fcdischen Arzt geheiratet&#8230;<br \/>(<em>F\u00fcr Stephie zum 11.3.2022)<\/em><\/p>\n<p>Darin u.a. beschrieben die Fahrt  zu meiner Geburt und Taufe 1945 in Naumburg \/ Saale.<\/p>\n<\/div>\n<\/div>\n<p class=\"has-text-align-center\"><a rel=\"noreferrer noopener\" href=\"https:\/\/jjm.gcjm.de\/gcjm\/kochbuch_helenahauke\/Tagebuch_Helene_Hauke.pdf\" data-type=\"URL\" target=\"_blank\">Tagebuch-Notizen 1922-39 von_Helene_<\/a><a href=\"https:\/\/jjm.gcjm.de\/gcjm\/kochbuch_helenahauke\/Tagebuch_Helene_Hauke.pdf\" data-type=\"URL\" data-id=\"https:\/\/jjm.gcjm.de\/gcjm\/kochbuch_helenahauke\/Tagebuch_Helene_Hauke.pdf\" target=\"_blank\" rel=\"noreferrer noopener\">Hauke.pdf<\/a><\/p>\n<div class=\"wp-block-columns is-layout-flex wp-container-core-columns-is-layout-9d6595d7 wp-block-columns-is-layout-flex\">\n<div class=\"wp-block-column is-layout-flow wp-block-column-is-layout-flow\"><\/div>\n<div class=\"wp-block-column is-layout-flow wp-block-column-is-layout-flow\"><\/div>\n<\/div>\n<p class=\"has-extra-small-font-size\"><strong>Omi Helene im Dresdener Schloss<\/strong><br \/>Meine Gro\u00dfeltern Hauke konnten das Geld f\u00fcr ein Theologiestudium ihrer S\u00f6hne Georg und Paul nicht aufbringen. So fuhr Gro\u00dfmutter Helene kurz entschlossen von Breslau nach Dresden und fragte sich in der Hofkirche zu den Kronprinzen Christian ud Georg (Jesuit!) im Schloss durch und bat um einen Teil des Stipendiums, was auch gew\u00e4hrt wurde. Briefwechsel mit Kronprinz Christian auch noch nach Georgs Tod 1943.<\/p>\n<figure class=\"wp-block-image size-large\"><a href=\"https:\/\/jjm.gcjm.de\/wp-content\/uploads\/2023\/02\/PrimizKronprinzGeorgVonSachsenSibyllenort.jpg\"><img loading=\"lazy\" decoding=\"async\" width=\"1024\" height=\"557\" src=\"https:\/\/jjm.gcjm.de\/wp-content\/uploads\/2023\/02\/PrimizKronprinzGeorgVonSachsenSibyllenort-1024x557.jpg\" alt=\"\" class=\"wp-image-1235\" srcset=\"https:\/\/jjm.gcjm.de\/wp-content\/uploads\/2023\/02\/PrimizKronprinzGeorgVonSachsenSibyllenort-1024x557.jpg 1024w, https:\/\/jjm.gcjm.de\/wp-content\/uploads\/2023\/02\/PrimizKronprinzGeorgVonSachsenSibyllenort-300x163.jpg 300w, https:\/\/jjm.gcjm.de\/wp-content\/uploads\/2023\/02\/PrimizKronprinzGeorgVonSachsenSibyllenort-768x417.jpg 768w, https:\/\/jjm.gcjm.de\/wp-content\/uploads\/2023\/02\/PrimizKronprinzGeorgVonSachsenSibyllenort-1536x835.jpg 1536w, https:\/\/jjm.gcjm.de\/wp-content\/uploads\/2023\/02\/PrimizKronprinzGeorgVonSachsenSibyllenort-1568x852.jpg 1568w, https:\/\/jjm.gcjm.de\/wp-content\/uploads\/2023\/02\/PrimizKronprinzGeorgVonSachsenSibyllenort.jpg 1584w\" sizes=\"auto, (max-width: 1024px) 100vw, 1024px\" \/><\/a><figcaption class=\"wp-element-caption\">Primiz-Bild von Kronprinz Georg von Sachsen <br \/>(Mitte \u00fcber zweitem Kind von rechts) 1939 in Schloss Sibyllenort.<br \/>Links oben: Onkel Prof. Max Rauer, rechts zweite Reihe Tante Maria von Aigner.<\/figcaption><\/figure>\n","protected":false},"excerpt":{"rendered":"<p>Die Eltern meiner Gro\u00dfmutter Helene, die Gasts (poln. Go\u015b\u0107) , lebten in Kunersdorf \/ Kreis Oels in Schlesien. In ihrem kleinen H\u00e4uschen war neben der gro\u00dfen Familie u.a. eine kleine Gastst\u00e4tte, ein B\u00e4udel (= Laden f\u00fcr Lampen\u00f6l und andere Kleinigkeiten) , eine Poststation und ein kleines Gesch\u00e4ft untergebracht.Hinter der Theke mein Urgro\u00dfvater Paul Gast, davor&hellip; <a class=\"more-link\" href=\"https:\/\/jjm.gcjm.de\/?page_id=694\"><span class=\"screen-reader-text\">Gasts<\/span> weiterlesen<\/a><\/p>\n","protected":false},"author":1,"featured_media":0,"parent":0,"menu_order":0,"comment_status":"closed","ping_status":"closed","template":"","meta":{"footnotes":""},"class_list":["post-694","page","type-page","status-publish","hentry","entry"],"_links":{"self":[{"href":"https:\/\/jjm.gcjm.de\/index.php?rest_route=\/wp\/v2\/pages\/694","targetHints":{"allow":["GET"]}}],"collection":[{"href":"https:\/\/jjm.gcjm.de\/index.php?rest_route=\/wp\/v2\/pages"}],"about":[{"href":"https:\/\/jjm.gcjm.de\/index.php?rest_route=\/wp\/v2\/types\/page"}],"author":[{"embeddable":true,"href":"https:\/\/jjm.gcjm.de\/index.php?rest_route=\/wp\/v2\/users\/1"}],"replies":[{"embeddable":true,"href":"https:\/\/jjm.gcjm.de\/index.php?rest_route=%2Fwp%2Fv2%2Fcomments&post=694"}],"version-history":[{"count":39,"href":"https:\/\/jjm.gcjm.de\/index.php?rest_route=\/wp\/v2\/pages\/694\/revisions"}],"predecessor-version":[{"id":1237,"href":"https:\/\/jjm.gcjm.de\/index.php?rest_route=\/wp\/v2\/pages\/694\/revisions\/1237"}],"wp:attachment":[{"href":"https:\/\/jjm.gcjm.de\/index.php?rest_route=%2Fwp%2Fv2%2Fmedia&parent=694"}],"curies":[{"name":"wp","href":"https:\/\/api.w.org\/{rel}","templated":true}]}}