{"id":607,"date":"2021-06-09T22:47:38","date_gmt":"2021-06-09T20:47:38","guid":{"rendered":"https:\/\/jjm.gcjm.de\/?page_id=607"},"modified":"2022-11-28T17:32:22","modified_gmt":"2022-11-28T15:32:22","slug":"familie","status":"publish","type":"page","link":"https:\/\/jjm.gcjm.de\/?page_id=607","title":{"rendered":"Familien"},"content":{"rendered":"<div class=\"wp-block-image\">\n<figure class=\"aligncenter size-large is-resized\"><a href=\"https:\/\/jjm.gcjm.de\/wp-content\/uploads\/2021\/06\/stammbaum_zeichnung_jh.jpg\"><img loading=\"lazy\" decoding=\"async\" src=\"https:\/\/jjm.gcjm.de\/wp-content\/uploads\/2021\/06\/stammbaum_zeichnung_jh.jpg\" alt=\"\" class=\"wp-image-608\" width=\"678\" height=\"533\" srcset=\"https:\/\/jjm.gcjm.de\/wp-content\/uploads\/2021\/06\/stammbaum_zeichnung_jh.jpg 472w, https:\/\/jjm.gcjm.de\/wp-content\/uploads\/2021\/06\/stammbaum_zeichnung_jh-300x236.jpg 300w\" sizes=\"auto, (max-width: 678px) 100vw, 678px\" \/><\/a><figcaption class=\"wp-element-caption\">Stammbaum &#8211; Zeichnung von Johannes Hauke<br \/>&#8222;z.T. nach Angaben meiner lieben Mutter um 1902 (mit 14) gefertigt&#8230;&#8220;<\/figcaption><\/figure>\n<\/div>\n<p class=\"has-small-font-size\">Anmerkung: <br \/>Hier sollen &#8211; aber nicht l\u00fcckenlos &#8211; die Familien Biesold, Hauke, M\u00fcller pr\u00e4sentiert werden!<br \/>Es handelt sich lediglich um interessante Fundst\u00fccke.<\/p>\n","protected":false},"excerpt":{"rendered":"<p>Anmerkung: Hier sollen &#8211; aber nicht l\u00fcckenlos &#8211; die Familien Biesold, Hauke, M\u00fcller pr\u00e4sentiert werden!Es handelt sich lediglich um interessante Fundst\u00fccke.<\/p>\n","protected":false},"author":1,"featured_media":0,"parent":0,"menu_order":0,"comment_status":"closed","ping_status":"closed","template":"","meta":{"footnotes":""},"class_list":["post-607","page","type-page","status-publish","hentry","entry"],"_links":{"self":[{"href":"https:\/\/jjm.gcjm.de\/index.php?rest_route=\/wp\/v2\/pages\/607","targetHints":{"allow":["GET"]}}],"collection":[{"href":"https:\/\/jjm.gcjm.de\/index.php?rest_route=\/wp\/v2\/pages"}],"about":[{"href":"https:\/\/jjm.gcjm.de\/index.php?rest_route=\/wp\/v2\/types\/page"}],"author":[{"embeddable":true,"href":"https:\/\/jjm.gcjm.de\/index.php?rest_route=\/wp\/v2\/users\/1"}],"replies":[{"embeddable":true,"href":"https:\/\/jjm.gcjm.de\/index.php?rest_route=%2Fwp%2Fv2%2Fcomments&post=607"}],"version-history":[{"count":5,"href":"https:\/\/jjm.gcjm.de\/index.php?rest_route=\/wp\/v2\/pages\/607\/revisions"}],"predecessor-version":[{"id":1137,"href":"https:\/\/jjm.gcjm.de\/index.php?rest_route=\/wp\/v2\/pages\/607\/revisions\/1137"}],"wp:attachment":[{"href":"https:\/\/jjm.gcjm.de\/index.php?rest_route=%2Fwp%2Fv2%2Fmedia&parent=607"}],"curies":[{"name":"wp","href":"https:\/\/api.w.org\/{rel}","templated":true}]}}