{"id":548,"date":"2021-06-05T12:54:07","date_gmt":"2021-06-05T10:54:07","guid":{"rendered":"https:\/\/jjm.gcjm.de\/?page_id=548"},"modified":"2025-06-27T10:40:31","modified_gmt":"2025-06-27T08:40:31","slug":"hauke-familie","status":"publish","type":"page","link":"https:\/\/jjm.gcjm.de\/?page_id=548","title":{"rendered":"Haukes"},"content":{"rendered":"<div class=\"wp-block-image\">\n<figure class=\"aligncenter size-large is-resized\"><a href=\"\/gcjm\/haukejohannes\/index.htm\"><img loading=\"lazy\" decoding=\"async\" width=\"1024\" height=\"842\" src=\"https:\/\/jjm.gcjm.de\/wp-content\/uploads\/2021\/06\/fam0170-1024x842.jpg\" alt=\"\" class=\"wp-image-575\" style=\"width:396px;height:325px\" srcset=\"https:\/\/jjm.gcjm.de\/wp-content\/uploads\/2021\/06\/fam0170-1024x842.jpg 1024w, https:\/\/jjm.gcjm.de\/wp-content\/uploads\/2021\/06\/fam0170-300x247.jpg 300w, https:\/\/jjm.gcjm.de\/wp-content\/uploads\/2021\/06\/fam0170-768x632.jpg 768w, https:\/\/jjm.gcjm.de\/wp-content\/uploads\/2021\/06\/fam0170-1536x1264.jpg 1536w, https:\/\/jjm.gcjm.de\/wp-content\/uploads\/2021\/06\/fam0170-1568x1290.jpg 1568w, https:\/\/jjm.gcjm.de\/wp-content\/uploads\/2021\/06\/fam0170.jpg 1732w\" sizes=\"auto, (max-width: 1024px) 100vw, 1024px\" \/><\/a><figcaption class=\"wp-element-caption\">Familie Hauke ca. 1934<br \/><strong>F\u00fcr Tagebuch von Johannes Hauke: Klick auf&#8217;s Bild!<\/strong><\/figcaption><\/figure>\n<\/div>\n<p class=\"has-text-align-center\">Johannes Hauke 1969<\/p>\n<figure class=\"wp-block-audio\"><audio controls src=\"https:\/\/jjm.gcjm.de\/wp-content\/uploads\/2021\/06\/6_OpaHauke_Propheten.mp3\"><\/audio><figcaption class=\"wp-element-caption\">Sprechprobe &#8222;Propheten&#8220;<\/figcaption><\/figure>\n<figure class=\"wp-block-audio\"><audio controls src=\"https:\/\/jjm.gcjm.de\/wp-content\/uploads\/2021\/06\/8_OpaHaukeFamiliengeschichte.mp3\"><\/audio><figcaption class=\"wp-element-caption\">&#8222;Aus meiner Familiengeschichte&#8220;<\/figcaption><\/figure>\n<figure class=\"wp-block-audio\"><audio controls src=\"https:\/\/jjm.gcjm.de\/wp-content\/uploads\/2021\/06\/8_HoffnungGedicht.mp3\"><\/audio><figcaption class=\"wp-element-caption\">Gedicht &#8222;Hoffnung&#8220; von Emanuel Geibel<\/figcaption><\/figure>\n<p class=\"has-text-align-left\"><a href=\"https:\/\/jjm.gcjm.de\/wp-content\/uploads\/2021\/06\/JohannesHaukeDresden13Febr45.pdf\" target=\"_blank\" rel=\"noreferrer noopener\">Johannes Hauke: 13. Februar 1945, Bombardierung Dresdens<\/a><br \/><a href=\"https:\/\/jjm.gcjm.de\/wp-content\/uploads\/2024\/03\/Hauke_Zeittafel.pdf\" target=\"_blank\" rel=\"noreferrer noopener\">Hauke &#8211; Zeittafel 1900-1946<\/a>  (Geschenk. Danke!)<\/p>\n<p>Familie:<br \/><a href=\"https:\/\/jjm.gcjm.de\/?page_id=694\" target=\"_blank\" rel=\"noreferrer noopener\">Helena Hauke<\/a>, geb. Gast (Gattin)<br \/><a href=\"https:\/\/jjm.gcjm.de\/?page_id=728\" target=\"_blank\" rel=\"noreferrer noopener\">Georg Hauke<\/a> (\u00e4ltester Sohn) ; <a href=\"https:\/\/jjm.gcjm.de\/wp-content\/uploads\/2025\/06\/2008_0600_GeorgHauke_RueckertMueller.pdf\" target=\"_blank\" rel=\"noreferrer noopener nofollow\">Bunzlauer Zeitung<\/a> (R\u00fcckert, M\u00fcller)<br \/><a href=\"https:\/\/jjm.gcjm.de\/?page_id=584\" target=\"_blank\" rel=\"noreferrer noopener\">Paul Hauke<\/a> (P. Paulus Maria OSB , zweiter Sohn)<br \/><a href=\"https:\/\/jjm.gcjm.de\/?page_id=614\" target=\"_blank\" rel=\"noreferrer noopener\">Antonie M\u00fcller<\/a> (geb. Hauke , Tochter) ; <a href=\"https:\/\/jjm.gcjm.de\/wp-content\/uploads\/2022\/11\/1999_1027_MuttiZuTanteHildegard.pdf\" target=\"_blank\" rel=\"noreferrer noopener\">Brief an mich<\/a><br \/><a href=\"https:\/\/jjm.gcjm.de\/?page_id=440\" target=\"_blank\" rel=\"noreferrer noopener\">Wolfgang Hauke<\/a> (j\u00fcngster Sohn) ; Orgel:<a href=\"https:\/\/jjm.gcjm.de\/?page_id=983\"> <\/a><a href=\"https:\/\/jjm.gcjm.de\/?page_id=983\" target=\"_blank\" rel=\"noreferrer noopener\">Pr\u00e4ludium &amp; Fuge<\/a><\/p><\/p>\n","protected":false},"excerpt":{"rendered":"<p>Johannes Hauke 1969 Johannes Hauke: 13. Februar 1945, Bombardierung DresdensHauke &#8211; Zeittafel 1900-1946 (Geschenk. Danke!) Familie:Helena Hauke, geb. Gast (Gattin)Georg Hauke (\u00e4ltester Sohn) ; Bunzlauer Zeitung (R\u00fcckert, M\u00fcller)Paul Hauke (P. Paulus Maria OSB , zweiter Sohn)Antonie M\u00fcller (geb. Hauke , Tochter) ; Brief an michWolfgang Hauke (j\u00fcngster Sohn) ; Orgel: Pr\u00e4ludium &amp; Fuge<\/p>\n","protected":false},"author":1,"featured_media":0,"parent":0,"menu_order":0,"comment_status":"closed","ping_status":"closed","template":"","meta":{"footnotes":""},"class_list":["post-548","page","type-page","status-publish","hentry","entry"],"_links":{"self":[{"href":"https:\/\/jjm.gcjm.de\/index.php?rest_route=\/wp\/v2\/pages\/548","targetHints":{"allow":["GET"]}}],"collection":[{"href":"https:\/\/jjm.gcjm.de\/index.php?rest_route=\/wp\/v2\/pages"}],"about":[{"href":"https:\/\/jjm.gcjm.de\/index.php?rest_route=\/wp\/v2\/types\/page"}],"author":[{"embeddable":true,"href":"https:\/\/jjm.gcjm.de\/index.php?rest_route=\/wp\/v2\/users\/1"}],"replies":[{"embeddable":true,"href":"https:\/\/jjm.gcjm.de\/index.php?rest_route=%2Fwp%2Fv2%2Fcomments&post=548"}],"version-history":[{"count":31,"href":"https:\/\/jjm.gcjm.de\/index.php?rest_route=\/wp\/v2\/pages\/548\/revisions"}],"predecessor-version":[{"id":1937,"href":"https:\/\/jjm.gcjm.de\/index.php?rest_route=\/wp\/v2\/pages\/548\/revisions\/1937"}],"wp:attachment":[{"href":"https:\/\/jjm.gcjm.de\/index.php?rest_route=%2Fwp%2Fv2%2Fmedia&parent=548"}],"curies":[{"name":"wp","href":"https:\/\/api.w.org\/{rel}","templated":true}]}}