{"id":440,"date":"2021-05-30T14:44:57","date_gmt":"2021-05-30T12:44:57","guid":{"rendered":"https:\/\/jjm.gcjm.de\/?page_id=440"},"modified":"2023-06-01T21:10:29","modified_gmt":"2023-06-01T19:10:29","slug":"wolfgang-hauke","status":"publish","type":"page","link":"https:\/\/jjm.gcjm.de\/?page_id=440","title":{"rendered":"Wolfgang Hauke"},"content":{"rendered":"<div class=\"wp-block-image\">\n<figure class=\"aligncenter size-large is-resized\"><a href=\"https:\/\/jjm.gcjm.de\/wp-content\/uploads\/2021\/05\/WHAUKE00.jpg\"><img loading=\"lazy\" decoding=\"async\" src=\"https:\/\/jjm.gcjm.de\/wp-content\/uploads\/2021\/05\/WHAUKE00-714x1024.jpg\" alt=\"\" class=\"wp-image-446\" width=\"601\" height=\"861\" srcset=\"https:\/\/jjm.gcjm.de\/wp-content\/uploads\/2021\/05\/WHAUKE00-714x1024.jpg 714w, https:\/\/jjm.gcjm.de\/wp-content\/uploads\/2021\/05\/WHAUKE00-209x300.jpg 209w, https:\/\/jjm.gcjm.de\/wp-content\/uploads\/2021\/05\/WHAUKE00-768x1102.jpg 768w, https:\/\/jjm.gcjm.de\/wp-content\/uploads\/2021\/05\/WHAUKE00-1071x1536.jpg 1071w, https:\/\/jjm.gcjm.de\/wp-content\/uploads\/2021\/05\/WHAUKE00.jpg 1091w\" sizes=\"auto, (max-width: 601px) 100vw, 601px\" \/><\/a><\/figure>\n<\/div>\n<p>Organist in Breslau &#8211; Zimpel,    Sch\u00fcler der Landesmusikschule Breslau bei Prof. B\u00f6ll und Prof. Doflein<\/p>\n<p><em>Update:<br \/>Die obige Bildunterschrift &#8222;vermisst&#8230;&#8220; ist nach einer erneuten Anfrage seiner Schwester Antonie, meiner Mutter, nach der Wende <em>beim Deutschen Roten Kreuz <\/em>nicht mehr richtig. Damals wurden auch  russische Kriegs-Archive ge\u00f6ffnet. Demnach ist Wolfgang 1945 in einem russischen Gefangenenlager im (jetzt russische besetzten) &#8222;Gebiet Luhansk \/ Ost-Ukraine&#8220; gestorben, m\u00f6glicherweise an Typhus. <\/p>\n<p>Am 15.05.2022 spielte em. Domorganist Thomas Sauer in einem Orgelkonzert auch &#8222;Pr\u00e4ludium und Fuge c-moll&#8220; von Wolfgang, was dieser 17..19j\u00e4hrig komponiert hat, quasi als Urauff\u00fchrung. Siehe auf <a href=\"https:\/\/jjm.gcjm.de\/?page_id=983\">eigener Seite.<\/a><\/em><\/p>\n<\/p>\n<p class=\"has-text-align-center\"><a rel=\"noreferrer noopener\" href=\"https:\/\/jjm.gcjm.de\/wp-content\/uploads\/2021\/05\/2_Klav-f-1.mp3\" target=\"_blank\"><strong>Thema, Variationen und Fuge f\u00fcr zwei Klaviere in f<\/strong><\/a><\/p>\n<p>Die Wiedergabe \u00f6ffnet sich in einem neuem Tab des Browsers. Man kann die Noten durch Klick auf das jeweilige pdf &#8211; Symbol laden, z.B. zum Drucken, daher hohe Aufl\u00f6sung!<\/p>\n<div class=\"wp-block-columns is-layout-flex wp-container-core-columns-is-layout-9d6595d7 wp-block-columns-is-layout-flex\">\n<div class=\"wp-block-column is-layout-flow wp-block-column-is-layout-flow\" style=\"flex-basis:50%\">\n<div class=\"wp-block-image\">\n<figure class=\"aligncenter size-large\"><a href=\"https:\/\/jjm.gcjm.de\/wp-content\/uploads\/2021\/06\/zweiklaviere.pdf\"><img loading=\"lazy\" decoding=\"async\" width=\"32\" height=\"37\" src=\"https:\/\/jjm.gcjm.de\/wp-content\/uploads\/2021\/06\/pdf_symbol.jpg\" alt=\"\" class=\"wp-image-515\"\/><\/a><figcaption class=\"wp-element-caption\">1+2.<\/figcaption><\/figure>\n<\/div>\n<\/div>\n<div class=\"wp-block-column is-layout-flow wp-block-column-is-layout-flow\" style=\"flex-basis:50%\">\n<div class=\"wp-block-image\">\n<figure class=\"aligncenter size-large\"><a href=\"https:\/\/jjm.gcjm.de\/wp-content\/uploads\/2021\/06\/zweiklaviere_2.pdf\"><img loading=\"lazy\" decoding=\"async\" width=\"32\" height=\"37\" src=\"https:\/\/jjm.gcjm.de\/wp-content\/uploads\/2021\/06\/pdf_symbol.jpg\" alt=\"\" class=\"wp-image-515\"\/><\/a><figcaption class=\"wp-element-caption\">2.<\/figcaption><\/figure>\n<\/div>\n<\/div>\n<\/div>\n<p class=\"has-text-align-center\"><a rel=\"noreferrer noopener\" href=\"https:\/\/jjm.gcjm.de\/wp-content\/uploads\/2021\/05\/Streichquartett_D.mp3\" target=\"_blank\"><strong>Streichquartett in D<\/strong><\/a><\/p>\n<p>Gewidmet seiner Schwester Antonie  zur Verm\u00e4hlung mit Dr. Josef M\u00fcller am 29.01. 1944 in Breslau.  Komponiert als Soldat im Feld. Hier ein Proben-Mitschnitt.<\/p>\n<div class=\"wp-block-columns is-layout-flex wp-container-core-columns-is-layout-9d6595d7 wp-block-columns-is-layout-flex\">\n<div class=\"wp-block-column is-layout-flow wp-block-column-is-layout-flow\" style=\"flex-basis:50%\">\n<div class=\"wp-block-image\">\n<figure class=\"aligncenter size-large\"><a href=\"https:\/\/jjm.gcjm.de\/wp-content\/uploads\/2021\/06\/Streichquartett_D_WolfgangHauke.pdf\"><img loading=\"lazy\" decoding=\"async\" width=\"32\" height=\"37\" src=\"https:\/\/jjm.gcjm.de\/wp-content\/uploads\/2021\/06\/pdf_symbol.jpg\" alt=\"\" class=\"wp-image-515\"\/><\/a><figcaption class=\"wp-element-caption\">Part<\/figcaption><\/figure>\n<\/div>\n<\/div>\n<div class=\"wp-block-column is-layout-flow wp-block-column-is-layout-flow\" style=\"flex-basis:50%\">\n<div class=\"wp-block-image\">\n<figure class=\"aligncenter size-large\"><a href=\"https:\/\/jjm.gcjm.de\/wp-content\/uploads\/2021\/06\/Streichquartett1_D_Einzelstimmen.pdf\"><img loading=\"lazy\" decoding=\"async\" width=\"32\" height=\"37\" src=\"https:\/\/jjm.gcjm.de\/wp-content\/uploads\/2021\/06\/pdf_symbol.jpg\" alt=\"\" class=\"wp-image-515\"\/><\/a><figcaption class=\"wp-element-caption\">1-4<\/figcaption><\/figure>\n<\/div>\n<\/div>\n<\/div>\n<p>S\u00e4tze: Adagio cantabile, Presto, Largo, Rondo andantino<br \/>1. Violine: Erich Erber,  2. Violine: Hans-Dieter Neumann<br \/>Viola: Erwin Joringel,  Cello: Dr. Bruno Hanisch<\/p>\n<\/p>\n<p><\/p>\n<p><strong>&#8222;Sonntagsfeier&#8220; zu 4 Stimmen nach Joseph von Eichendorff <\/strong><\/p>\n<div class=\"wp-block-image\">\n<figure class=\"aligncenter size-large\"><a href=\"\/wp-content\/uploads\/2021\/06\/Sonntagsfeier.pdf\" target=\"_blank\" rel=\"noopener\"><img loading=\"lazy\" decoding=\"async\" width=\"32\" height=\"37\" src=\"https:\/\/jjm.gcjm.de\/wp-content\/uploads\/2021\/06\/pdf_symbol.jpg\" alt=\"\" class=\"wp-image-515\"\/><\/a><\/figure>\n<\/div>\n<p class=\"has-text-align-center\">.<\/p>\n<p class=\"has-text-align-center\"><a rel=\"noreferrer noopener\" href=\"https:\/\/jjm.gcjm.de\/wp-content\/uploads\/2021\/05\/WasSollIchDirSagen.mp3\" data-type=\"page\" target=\"_blank\"><strong>&#8222;Was soll ich Dir sagen&#8220;    Variationen und Satz<\/strong><\/a><\/p>\n<p>Variationen zu dem Kinderlied.  Klavier: Paul Hauke (Bruder)<\/p>\n<div class=\"wp-block-image\">\n<figure class=\"aligncenter size-large\"><a href=\"https:\/\/jjm.gcjm.de\/wp-content\/uploads\/2021\/06\/wassollichA3.pdf\"><img loading=\"lazy\" decoding=\"async\" width=\"32\" height=\"37\" src=\"https:\/\/jjm.gcjm.de\/wp-content\/uploads\/2021\/06\/pdf_symbol.jpg\" alt=\"\" class=\"wp-image-515\"\/><\/a><\/figure>\n<\/div>\n","protected":false},"excerpt":{"rendered":"<p>Organist in Breslau &#8211; Zimpel, Sch\u00fcler der Landesmusikschule Breslau bei Prof. B\u00f6ll und Prof. Doflein Update:Die obige Bildunterschrift &#8222;vermisst&#8230;&#8220; ist nach einer erneuten Anfrage seiner Schwester Antonie, meiner Mutter, nach der Wende beim Deutschen Roten Kreuz nicht mehr richtig. Damals wurden auch russische Kriegs-Archive ge\u00f6ffnet. Demnach ist Wolfgang 1945 in einem russischen Gefangenenlager im (jetzt&hellip; <a class=\"more-link\" href=\"https:\/\/jjm.gcjm.de\/?page_id=440\"><span class=\"screen-reader-text\">Wolfgang Hauke<\/span> weiterlesen<\/a><\/p>\n","protected":false},"author":1,"featured_media":0,"parent":0,"menu_order":0,"comment_status":"closed","ping_status":"closed","template":"","meta":{"footnotes":""},"class_list":["post-440","page","type-page","status-publish","hentry","entry"],"_links":{"self":[{"href":"https:\/\/jjm.gcjm.de\/index.php?rest_route=\/wp\/v2\/pages\/440","targetHints":{"allow":["GET"]}}],"collection":[{"href":"https:\/\/jjm.gcjm.de\/index.php?rest_route=\/wp\/v2\/pages"}],"about":[{"href":"https:\/\/jjm.gcjm.de\/index.php?rest_route=\/wp\/v2\/types\/page"}],"author":[{"embeddable":true,"href":"https:\/\/jjm.gcjm.de\/index.php?rest_route=\/wp\/v2\/users\/1"}],"replies":[{"embeddable":true,"href":"https:\/\/jjm.gcjm.de\/index.php?rest_route=%2Fwp%2Fv2%2Fcomments&post=440"}],"version-history":[{"count":48,"href":"https:\/\/jjm.gcjm.de\/index.php?rest_route=\/wp\/v2\/pages\/440\/revisions"}],"predecessor-version":[{"id":1420,"href":"https:\/\/jjm.gcjm.de\/index.php?rest_route=\/wp\/v2\/pages\/440\/revisions\/1420"}],"wp:attachment":[{"href":"https:\/\/jjm.gcjm.de\/index.php?rest_route=%2Fwp%2Fv2%2Fmedia&parent=440"}],"curies":[{"name":"wp","href":"https:\/\/api.w.org\/{rel}","templated":true}]}}