{"id":2382,"date":"2026-05-13T10:56:54","date_gmt":"2026-05-13T08:56:54","guid":{"rendered":"https:\/\/jjm.gcjm.de\/?page_id=2382"},"modified":"2026-05-13T18:33:20","modified_gmt":"2026-05-13T16:33:20","slug":"software","status":"publish","type":"page","link":"https:\/\/jjm.gcjm.de\/?page_id=2382","title":{"rendered":"Software"},"content":{"rendered":"<p class=\"has-small-font-size\"><strong>In Arbeit!<\/strong><\/p>\n<p>Ich habe mit Programmieren den Lebensunterhalt bestritten. Hier will ich einige von meinen Programmen \/ Projekten nennen. Wenn es Web &#8211; Programme sind, werde ich sie verlinken. Ich versuche auch, damit verbundene Probleme (auf sp\u00e4teren Seiten) anzudeuten.<br \/>PW = Passwort erforderlich.<\/p>\n<p class=\"has-small-font-size\">&#8211; <a href=\"https:\/\/jjm.gcjm.de\/?page_id=2036\" target=\"_blank\" rel=\"noreferrer noopener nofollow\">Glockenspiel<\/a> (Nachbildung Carillion f\u00fcr Benio)<br \/>&#8211; <a href=\"https:\/\/gcjm.de\/thomassauer\/orgel_kalender.php\" target=\"_blank\" rel=\"noreferrer noopener nofollow\">Orgel-Kalender<\/a> (f\u00fcr em. Domorganist Thomas Sauer)<br \/>&#8211; <a href=\"https:\/\/www.gcjm.de\/medien\/index.html\" target=\"_blank\" rel=\"noreferrer noopener nofollow\">gcjm.de\/medien\/index.html<\/a> (Noten, PW)<br \/>&#8211; <a href=\"https:\/\/www.gcjm.de\/rosenkranz\" target=\"_blank\" rel=\"noreferrer noopener nofollow\">gcjm.de\/rosenkranz<\/a> (Rosenkranz, Grundgebete in mehreren Sprachen)<br \/>&#8211; <a href=\"https:\/\/www.gcjm.de\/ereignisse\" target=\"_blank\" rel=\"noreferrer noopener nofollow\">gcjm.de\/ereignisse<\/a> (famili\u00e4re Ereignis-DB, PW)<br \/>&#8211; <a href=\"https:\/\/www.gcjm.de\/janadr\" target=\"_blank\" rel=\"noreferrer noopener nofollow\">gcjm.de\/janadr<\/a> (famili\u00e4re Adress-DB, PW)<br \/>&#8211; <a href=\"https:\/\/www.gcjm.de\/sorborto\" target=\"_blank\" rel=\"noreferrer noopener nofollow\">gcjm.de\/sorborto<\/a> (Demo f\u00fcr ehem. sorbische Grammatikpr\u00fcfung)<br \/>&#8211; <a href=\"https:\/\/www.gcjm.de\/autocons\" target=\"_blank\" rel=\"noreferrer noopener nofollow\">gcjm.de\/autocons<\/a> (Demo f\u00fcr ehem. Konfektions-Konstruktion)<\/p>\n<p>&#8211; DKM &#8211; Datenbank Katholische Milit\u00e4rseelsorge (In VFP geschrieben)<br \/>&#8211; DEBO &#8211; Datenbank Erzbisch\u00f6fliches Ordinariat (In VFP geschrieben)<br \/>&#8211; Bauplan (In VFP geschrieben)<br \/>&#8230; wird fortgesetzt <\/p><\/p>\n","protected":false},"excerpt":{"rendered":"<p>In Arbeit! Ich habe mit Programmieren den Lebensunterhalt bestritten. Hier will ich einige von meinen Programmen \/ Projekten nennen. Wenn es Web &#8211; Programme sind, werde ich sie verlinken. Ich versuche auch, damit verbundene Probleme (auf sp\u00e4teren Seiten) anzudeuten.PW = Passwort erforderlich. &#8211; Glockenspiel (Nachbildung Carillion f\u00fcr Benio)&#8211; Orgel-Kalender (f\u00fcr em. Domorganist Thomas Sauer)&#8211; gcjm.de\/medien\/index.html&hellip; <a class=\"more-link\" href=\"https:\/\/jjm.gcjm.de\/?page_id=2382\"><span class=\"screen-reader-text\">Software<\/span> weiterlesen<\/a><\/p>\n","protected":false},"author":1,"featured_media":0,"parent":0,"menu_order":0,"comment_status":"closed","ping_status":"closed","template":"","meta":{"footnotes":""},"class_list":["post-2382","page","type-page","status-publish","hentry","entry"],"_links":{"self":[{"href":"https:\/\/jjm.gcjm.de\/index.php?rest_route=\/wp\/v2\/pages\/2382","targetHints":{"allow":["GET"]}}],"collection":[{"href":"https:\/\/jjm.gcjm.de\/index.php?rest_route=\/wp\/v2\/pages"}],"about":[{"href":"https:\/\/jjm.gcjm.de\/index.php?rest_route=\/wp\/v2\/types\/page"}],"author":[{"embeddable":true,"href":"https:\/\/jjm.gcjm.de\/index.php?rest_route=\/wp\/v2\/users\/1"}],"replies":[{"embeddable":true,"href":"https:\/\/jjm.gcjm.de\/index.php?rest_route=%2Fwp%2Fv2%2Fcomments&post=2382"}],"version-history":[{"count":4,"href":"https:\/\/jjm.gcjm.de\/index.php?rest_route=\/wp\/v2\/pages\/2382\/revisions"}],"predecessor-version":[{"id":2390,"href":"https:\/\/jjm.gcjm.de\/index.php?rest_route=\/wp\/v2\/pages\/2382\/revisions\/2390"}],"wp:attachment":[{"href":"https:\/\/jjm.gcjm.de\/index.php?rest_route=%2Fwp%2Fv2%2Fmedia&parent=2382"}],"curies":[{"name":"wp","href":"https:\/\/api.w.org\/{rel}","templated":true}]}}