{"id":1907,"date":"2025-03-31T11:45:52","date_gmt":"2025-03-31T09:45:52","guid":{"rendered":"https:\/\/jjm.gcjm.de\/?page_id=1907"},"modified":"2025-03-31T12:04:40","modified_gmt":"2025-03-31T10:04:40","slug":"spasslieder","status":"publish","type":"page","link":"https:\/\/jjm.gcjm.de\/?page_id=1907","title":{"rendered":"Spa\u00dflieder"},"content":{"rendered":"<p>Die pdf &#8211; Dateien enthalten die Texte und auch die Noten.<br \/>Die mp3 &#8211; Dateien spielen auf einem virtuellen Klavier das Lied.<\/p>\n<p>&#8211; <a href=\"https:\/\/jjm.gcjm.de\/wp-content\/uploads\/2025\/03\/RitterPrunzFuerMia.pdf\" target=\"_blank\" rel=\"noreferrer noopener nofollow\">Ritter Prunz<\/a> (<a href=\"https:\/\/jjm.gcjm.de\/wp-content\/uploads\/2025\/03\/Ritter_Brunz1.pdf\" target=\"_blank\" rel=\"noreferrer noopener nofollow\">pdf<\/a> , <a href=\"https:\/\/jjm.gcjm.de\/wp-content\/uploads\/2025\/03\/Ritter_Brunz1.mp3\" target=\"_blank\" rel=\"noreferrer noopener nofollow\">mp3<\/a>)<br \/>&#8211; W\u00fctend w\u00e4lzte sich im Bette (<a href=\"https:\/\/jjm.gcjm.de\/wp-content\/uploads\/2025\/03\/WuetendWaelzteSichImBette-2.pdf\" target=\"_blank\" rel=\"noreferrer noopener nofollow\">pdf<\/a>)<\/p>\n<p>Von Georg Hauke (als Theologie-Student?) in Breslau in die Familie &#8222;eingef\u00fchrt&#8220;:<br \/>&#8211; Der Zwerg <a href=\"https:\/\/jjm.gcjm.de\/wp-content\/uploads\/2025\/03\/ZwergPerkeoFuerMia.pdf\" target=\"_blank\" rel=\"noreferrer noopener nofollow\">Perkeo<\/a> (in F : <a href=\"https:\/\/jjm.gcjm.de\/wp-content\/uploads\/2025\/03\/ZwergPerkeo_F_orig.pdf\" target=\"_blank\" rel=\"noreferrer noopener nofollow\">pdf<\/a> ; in D: <a href=\"https:\/\/jjm.gcjm.de\/wp-content\/uploads\/2025\/03\/ZwergPerkeo_D.pdf\" target=\"_blank\" rel=\"noreferrer noopener nofollow\">pdf<\/a>)<br \/>&#8211; Der Pfarrer von Ohnewitz (<a href=\"https:\/\/jjm.gcjm.de\/wp-content\/uploads\/2025\/03\/DerPfarrerVonOhnewitz.pdf\" target=\"_blank\" rel=\"noreferrer noopener nofollow\">pdf<\/a>, <a href=\"https:\/\/jjm.gcjm.de\/wp-content\/uploads\/2025\/03\/DerPfarrerVonOhnewitz.mp3\" target=\"_blank\" rel=\"noreferrer noopener nofollow\">mp3<\/a>)<\/p><\/p>\n","protected":false},"excerpt":{"rendered":"<p>Die pdf &#8211; Dateien enthalten die Texte und auch die Noten.Die mp3 &#8211; Dateien spielen auf einem virtuellen Klavier das Lied. &#8211; Ritter Prunz (pdf , mp3)&#8211; W\u00fctend w\u00e4lzte sich im Bette (pdf) Von Georg Hauke (als Theologie-Student?) in Breslau in die Familie &#8222;eingef\u00fchrt&#8220;:&#8211; Der Zwerg Perkeo (in F : pdf ; in D: pdf)&#8211;&hellip; <a class=\"more-link\" href=\"https:\/\/jjm.gcjm.de\/?page_id=1907\"><span class=\"screen-reader-text\">Spa\u00dflieder<\/span> weiterlesen<\/a><\/p>\n","protected":false},"author":1,"featured_media":0,"parent":0,"menu_order":0,"comment_status":"closed","ping_status":"closed","template":"","meta":{"footnotes":""},"class_list":["post-1907","page","type-page","status-publish","hentry","entry"],"_links":{"self":[{"href":"https:\/\/jjm.gcjm.de\/index.php?rest_route=\/wp\/v2\/pages\/1907","targetHints":{"allow":["GET"]}}],"collection":[{"href":"https:\/\/jjm.gcjm.de\/index.php?rest_route=\/wp\/v2\/pages"}],"about":[{"href":"https:\/\/jjm.gcjm.de\/index.php?rest_route=\/wp\/v2\/types\/page"}],"author":[{"embeddable":true,"href":"https:\/\/jjm.gcjm.de\/index.php?rest_route=\/wp\/v2\/users\/1"}],"replies":[{"embeddable":true,"href":"https:\/\/jjm.gcjm.de\/index.php?rest_route=%2Fwp%2Fv2%2Fcomments&post=1907"}],"version-history":[{"count":8,"href":"https:\/\/jjm.gcjm.de\/index.php?rest_route=\/wp\/v2\/pages\/1907\/revisions"}],"predecessor-version":[{"id":1927,"href":"https:\/\/jjm.gcjm.de\/index.php?rest_route=\/wp\/v2\/pages\/1907\/revisions\/1927"}],"wp:attachment":[{"href":"https:\/\/jjm.gcjm.de\/index.php?rest_route=%2Fwp%2Fv2%2Fmedia&parent=1907"}],"curies":[{"name":"wp","href":"https:\/\/api.w.org\/{rel}","templated":true}]}}