{"id":1691,"date":"2024-04-21T19:10:14","date_gmt":"2024-04-21T17:10:14","guid":{"rendered":"https:\/\/jjm.gcjm.de\/?page_id=1691"},"modified":"2024-08-12T09:57:42","modified_gmt":"2024-08-12T07:57:42","slug":"www","status":"publish","type":"page","link":"https:\/\/jjm.gcjm.de\/?page_id=1691","title":{"rendered":"WWW"},"content":{"rendered":"<div class=\"wp-block-image\">\n<figure class=\"alignleft size-full\"><a href=\"https:\/\/jjm.gcjm.de\/wp-content\/uploads\/2024\/04\/WeihbischofWeider2009.jpg\"><img loading=\"lazy\" decoding=\"async\" width=\"150\" height=\"212\" src=\"https:\/\/jjm.gcjm.de\/wp-content\/uploads\/2024\/04\/WeihbischofWeider2009.jpg\" alt=\"\" class=\"wp-image-1690\"\/><\/a><\/figure>\n<\/div>\n<p>WWW = Weihbischof Wolfgang Weider<br \/>geb. 29.10.1932 in Berlin; gest. 14.02.2024<\/p>\n<p><\/p>\n<\/p>\n<p><a href=\"https:\/\/de.wikipedia.org\/wiki\/Wolfgang_Weider\" target=\"_blank\" rel=\"noreferrer noopener nofollow\">u.v.a. https:\/\/de.wikipedia.org\/wiki\/Wolfgang_Weider<\/a><\/p>\n<p>Ich arbeitete viele Jahre vor und nach der Wende 1990 freiberuflich bzw. im Nebenamt im EBO (Erzbisch\u00f6fliches Ordinariat Berlin) mit. Eines der Programme, das ich st\u00e4ndig erweitert und begleitet habe, war DEBO (Datenbank im EBO). Von seinen Anf\u00e4ngen im damaligen (DDR-) Seelsorgeamt unter + Monsignore Alfons Kluck in den 1970er Jahren wurde dieses Programm im EBO-Hausnetz bis 2022 genutzt, besonders auch im B\u00fcro des Weihbischofs. (Daneben gab es auch weitere Programme wie \u201eBauplan\u201c von mir f\u00fcr die Bauabteilung).<br \/>Die Zusammenarbeit mit M&amp;M (Matthias und Michael), die die DEBO-Datenpflege betrieben und Unmengen \u00c4nderungs- und Erweiterungs-Vorschl\u00e4ge anbrachten, machte mir viel Freude. Eine<br \/>Web-Version von DEBO war in Testung. Ich bekam daf\u00fcr aber leider keinen Auftrag mehr (PrSpr: \u201ezu alt, keine Firma und Sicherheitsprobleme\u201c) und es wurde eine neue, sehr teure Software gekauft.<br \/>Eine \u201eheilige Kuh\u201c war um die Wende 1990 herum die Herstellung eine neuen \u201eSchematismus\u201c (kirchliches Adress- und Aufgabenbuch). Dieses wurde bis dato in einer Textdatei (mit Hunderten Seiten!) gepflegt, die st\u00e4ndig \u201eim Umbau waren\u201c. Bei Redaktionsschluss war nat\u00fcrlich alles schon wieder veraltet (wie es gar nicht anders sein kann!). So bot sich die \u201eautomatische Herstellung\u201c \u00fcber die Datenbank an. WWW empfahl mich damit auch an andere Di\u00f6zesen, wo ich die L\u00f6sung vorstellte, allerdings dort ohne Erfolg. Man hatte eigene, \u00e4hnlich umst\u00e4ndliche L\u00f6sungen.<br \/>Nach der Wende 1990 suchte das KMBA (Katholisches Milit\u00e4r-Bischofsamt Berlin) einen IT &#8211; Mitarbeiter. Beurteilungen hatte ich als Freiberufler so gut wie keine. Ich h\u00e4tte f\u00fcr das EBO<br \/>gearbeitet, sagte ich. Da rief der Personalchef, + Monsignore Weihmayer, stehenden Fu\u00dfes WWW im EBO an. Das Gespr\u00e4ch dauerte nur zwei Minuten. WWW: \u201eDen kannst du nehmen!\u201c. So wurde ich im KMBA angestellt, arbeitete aber weiter nebenamtlich im EBO mit.<br \/>WWW betrieb trotz seines Alters moderne Technik (und \u00fcbertraf damit andere, viel j\u00fcngere Geistliche bei Weitem). Ich half manchmal dabei etwas und wir korrespondierten ab und zu \u00fcber WhatsApp. Bis zum April 2023, als WWW ganz pl\u00f6tzlich \u201emit seinen verschiedenen Tastaturen nicht mehr klar kam\u201c. <br \/>Traurig!<\/p>\n<figure class=\"wp-block-audio\"><audio controls src=\"https:\/\/jjm.gcjm.de\/wp-content\/uploads\/2024\/04\/WeihbischofWeiderUeberPriesterUndMesse.mp3\"><\/audio><figcaption class=\"wp-element-caption\"><mark style=\"background-color:rgba(0, 0, 0, 0)\" class=\"has-inline-color has-white-color\">WWW \u00fcber Priestertum und hl. Messe<\/mark><\/figcaption><\/figure>\n<figure class=\"wp-block-audio\"><audio controls src=\"https:\/\/jjm.gcjm.de\/wp-content\/uploads\/2024\/04\/UeberWeihbischofWeider.mp3\"><\/audio><figcaption class=\"wp-element-caption\"><mark style=\"background-color:rgba(0, 0, 0, 0)\" class=\"has-inline-color has-white-color\">\u00dc<strong><kbd>ber WWW <\/kbd><\/strong><\/mark><\/figcaption><\/figure>\n<div class=\"wp-block-image\">\n<figure class=\"aligncenter is-resized\"><img loading=\"lazy\" decoding=\"async\" width=\"765\" height=\"1024\" src=\"https:\/\/jjm.gcjm.de\/wp-content\/uploads\/2024\/08\/2016_emWeihbischofWeider_GeorgMueller-765x1024.jpg\" alt=\"\" class=\"wp-image-1788\" style=\"width:190px;height:auto\" srcset=\"https:\/\/jjm.gcjm.de\/wp-content\/uploads\/2024\/08\/2016_emWeihbischofWeider_GeorgMueller-765x1024.jpg 765w, https:\/\/jjm.gcjm.de\/wp-content\/uploads\/2024\/08\/2016_emWeihbischofWeider_GeorgMueller-224x300.jpg 224w, https:\/\/jjm.gcjm.de\/wp-content\/uploads\/2024\/08\/2016_emWeihbischofWeider_GeorgMueller-768x1028.jpg 768w, https:\/\/jjm.gcjm.de\/wp-content\/uploads\/2024\/08\/2016_emWeihbischofWeider_GeorgMueller.jpg 956w\" sizes=\"auto, (max-width: 765px) 100vw, 765px\" \/><\/figure>\n<\/div>\n<p class=\"has-text-align-center has-extra-small-font-size\">2016 em. WWW mit gcjm. <br \/>(Foto M. Woesler)<\/p><\/p>\n","protected":false},"excerpt":{"rendered":"<p>WWW = Weihbischof Wolfgang Weidergeb. 29.10.1932 in Berlin; gest. 14.02.2024 u.v.a. https:\/\/de.wikipedia.org\/wiki\/Wolfgang_Weider Ich arbeitete viele Jahre vor und nach der Wende 1990 freiberuflich bzw. im Nebenamt im EBO (Erzbisch\u00f6fliches Ordinariat Berlin) mit. Eines der Programme, das ich st\u00e4ndig erweitert und begleitet habe, war DEBO (Datenbank im EBO). Von seinen Anf\u00e4ngen im damaligen (DDR-) Seelsorgeamt unter&hellip; <a class=\"more-link\" href=\"https:\/\/jjm.gcjm.de\/?page_id=1691\"><span class=\"screen-reader-text\">WWW<\/span> weiterlesen<\/a><\/p>\n","protected":false},"author":1,"featured_media":0,"parent":0,"menu_order":0,"comment_status":"closed","ping_status":"closed","template":"","meta":{"footnotes":""},"class_list":["post-1691","page","type-page","status-publish","hentry","entry"],"_links":{"self":[{"href":"https:\/\/jjm.gcjm.de\/index.php?rest_route=\/wp\/v2\/pages\/1691","targetHints":{"allow":["GET"]}}],"collection":[{"href":"https:\/\/jjm.gcjm.de\/index.php?rest_route=\/wp\/v2\/pages"}],"about":[{"href":"https:\/\/jjm.gcjm.de\/index.php?rest_route=\/wp\/v2\/types\/page"}],"author":[{"embeddable":true,"href":"https:\/\/jjm.gcjm.de\/index.php?rest_route=\/wp\/v2\/users\/1"}],"replies":[{"embeddable":true,"href":"https:\/\/jjm.gcjm.de\/index.php?rest_route=%2Fwp%2Fv2%2Fcomments&post=1691"}],"version-history":[{"count":8,"href":"https:\/\/jjm.gcjm.de\/index.php?rest_route=\/wp\/v2\/pages\/1691\/revisions"}],"predecessor-version":[{"id":1795,"href":"https:\/\/jjm.gcjm.de\/index.php?rest_route=\/wp\/v2\/pages\/1691\/revisions\/1795"}],"wp:attachment":[{"href":"https:\/\/jjm.gcjm.de\/index.php?rest_route=%2Fwp%2Fv2%2Fmedia&parent=1691"}],"curies":[{"name":"wp","href":"https:\/\/api.w.org\/{rel}","templated":true}]}}