{"id":1448,"date":"2023-06-06T12:30:41","date_gmt":"2023-06-06T10:30:41","guid":{"rendered":"https:\/\/jjm.gcjm.de\/?page_id=1448"},"modified":"2026-01-13T08:38:50","modified_gmt":"2026-01-13T06:38:50","slug":"nachrufe","status":"publish","type":"page","link":"https:\/\/jjm.gcjm.de\/?page_id=1448","title":{"rendered":"Nachrufe"},"content":{"rendered":"<div class=\"wp-block-image\">\n<figure class=\"alignleft size-thumbnail is-resized\"><a href=\"https:\/\/jjm.gcjm.de\/wp-content\/uploads\/2023\/06\/Kondolation_Symbol.jpg\"><img loading=\"lazy\" decoding=\"async\" width=\"150\" height=\"150\" src=\"https:\/\/jjm.gcjm.de\/wp-content\/uploads\/2023\/06\/Kondolation_Symbol-150x150.jpg\" alt=\"\" class=\"wp-image-1512\" style=\"width:64px;height:64px\"\/><\/a><\/figure>\n<\/div>\n<p class=\"has-extra-small-font-size\">Folgende Seiten habe ich teils von gcjm.de \u00fcbernommen.<br \/>Sie sind Reihenfolge der Bearbeitung<br \/>\u00f6ffnen immer auf einem neuen Tab.<\/p>\n<\/p>\n<p class=\"has-extra-small-font-size\">Erinnerung an <a href=\"https:\/\/jjm.gcjm.de\/wp-content\/uploads\/2026\/01\/2026_0111_GabyUndHawo.pdf\" target=\"_blank\" rel=\"noreferrer noopener nofollow\">Gabriele und Hans-Wolfgang<\/a><br \/>Klassenkamerad B\u00fcren: <a href=\"https:\/\/jjm.gcjm.de\/wp-content\/uploads\/2024\/06\/WolfgangFritz.pdf\" target=\"_blank\" rel=\"noreferrer noopener nofollow\">Wolfgang Fritz<\/a> (1946-2024)<br \/><a href=\"https:\/\/jjm.gcjm.de\/wp-content\/uploads\/2024\/04\/EgonPlischke-1.pdf\" target=\"_blank\" rel=\"noreferrer noopener nofollow\">Pfarrer Egon Plischke<\/a> (1940 &#8211; 2024)<br \/><a href=\"https:\/\/jjm.gcjm.de\/?page_id=1691\" data-type=\"page\" data-id=\"1691\" target=\"_blank\" rel=\"noreferrer noopener nofollow\">Weihbischof Wolfgang Weider<\/a> (&#8222;WWW&#8220;, 1932 &#8211; 2024)<br \/><a href=\"https:\/\/jjm.gcjm.de\/wp-content\/uploads\/2023\/11\/2023_1128_FrauFriedrichHohenbrueckNachruf.pdf\" target=\"_blank\" rel=\"noreferrer noopener nofollow\">Frau Friedich in Hohenbr\u00fcck<\/a> (+ 2023)<br \/><a href=\"https:\/\/jjm.gcjm.de\/wp-content\/uploads\/2025\/03\/2023_0718_TrauerUmHubertRaeder.pdf\" target=\"_blank\" rel=\"noreferrer noopener nofollow\">Hubert Raeder<\/a> (1946 &#8211; 2023)<br \/><a href=\"https:\/\/jjm.gcjm.de\/wp-content\/uploads\/2023\/09\/2020_1120_WalterTheisVerstorben.pdf\" target=\"_blank\" rel=\"noreferrer noopener\">Pr\u00e4lat Walter Theis <\/a>(1938 &#8211; 2020) (&#8222;<a href=\"https:\/\/jjm.gcjm.de\/wp-content\/uploads\/2023\/09\/WalterTheis_KircheImWandelDerZeit.pdf\" target=\"_blank\" rel=\"noreferrer noopener\">Kirche im Wandel der Zeit<\/a>&#8222;)<br \/><a href=\"https:\/\/jjm.gcjm.de\/wp-content\/uploads\/2023\/07\/2023_0720_BeerdigungReinhardSimon.pdf\" target=\"_blank\" rel=\"noreferrer noopener\">Reinhard Simon <\/a>(1952 &#8211; 2023) <br \/><a href=\"https:\/\/jjm.gcjm.de\/?page_id=807\" target=\"_blank\" rel=\"noreferrer noopener\">Monika Biesold<\/a> (1926 &#8211; 2021)<br \/><a href=\"https:\/\/jjm.gcjm.de\/wp-content\/uploads\/2023\/06\/JesusBegegnetFrauen.htm\" target=\"_blank\" rel=\"noreferrer noopener\">Dr. Solomon Raj <\/a>(1921 &#8211; 2021)<br \/><a href=\"https:\/\/jjm.gcjm.de\/wp-content\/uploads\/2023\/06\/mariawalburg.htm\" target=\"_blank\" rel=\"noreferrer noopener\">Sr. Maria Walburg von Jesus<\/a> (1936 &#8211; 2019)<br \/><a href=\"https:\/\/jjm.gcjm.de\/wp-content\/uploads\/2023\/06\/lobaufihn.htm\" target=\"_blank\" rel=\"noreferrer noopener\">Pfr. Hannj\u00fcrg Neundorfer<\/a> (1929 &#8211; 2018)<br \/><a href=\"https:\/\/jjm.gcjm.de\/wp-content\/uploads\/2023\/06\/index.htm\" target=\"_blank\" rel=\"noreferrer noopener\">Dr. Joseph M\u00fcller<\/a> (1917 &#8211; 2013)<br \/><a href=\"https:\/\/jjm.gcjm.de\/wp-content\/uploads\/2023\/06\/index-1.htm\" target=\"_blank\" rel=\"noreferrer noopener\">Dr. Siegfried M\u00fcller<\/a> (1916 &#8211; 2014)<br \/><a href=\"https:\/\/gcjm.de\/rudolf\/index.htm\" target=\"_blank\" rel=\"noreferrer noopener\">Rudolf N\u00f6tzel<\/a> (1954 &#8211; 2016)<br \/><a href=\"https:\/\/jjm.gcjm.de\/wp-content\/uploads\/2023\/06\/bozena.htm\" target=\"_blank\" rel=\"noreferrer noopener\">Bo\u017eena Nawka-Kunysz<\/a> (1946 &#8211; 2000)<\/p>\n","protected":false},"excerpt":{"rendered":"<p>Folgende Seiten habe ich teils von gcjm.de \u00fcbernommen.Sie sind Reihenfolge der Bearbeitung\u00f6ffnen immer auf einem neuen Tab. Erinnerung an Gabriele und Hans-WolfgangKlassenkamerad B\u00fcren: Wolfgang Fritz (1946-2024)Pfarrer Egon Plischke (1940 &#8211; 2024)Weihbischof Wolfgang Weider (&#8222;WWW&#8220;, 1932 &#8211; 2024)Frau Friedich in Hohenbr\u00fcck (+ 2023)Hubert Raeder (1946 &#8211; 2023)Pr\u00e4lat Walter Theis (1938 &#8211; 2020) (&#8222;Kirche im Wandel der&hellip; <a class=\"more-link\" href=\"https:\/\/jjm.gcjm.de\/?page_id=1448\"><span class=\"screen-reader-text\">Nachrufe<\/span> weiterlesen<\/a><\/p>\n","protected":false},"author":1,"featured_media":0,"parent":0,"menu_order":0,"comment_status":"closed","ping_status":"closed","template":"","meta":{"footnotes":""},"class_list":["post-1448","page","type-page","status-publish","hentry","entry"],"_links":{"self":[{"href":"https:\/\/jjm.gcjm.de\/index.php?rest_route=\/wp\/v2\/pages\/1448","targetHints":{"allow":["GET"]}}],"collection":[{"href":"https:\/\/jjm.gcjm.de\/index.php?rest_route=\/wp\/v2\/pages"}],"about":[{"href":"https:\/\/jjm.gcjm.de\/index.php?rest_route=\/wp\/v2\/types\/page"}],"author":[{"embeddable":true,"href":"https:\/\/jjm.gcjm.de\/index.php?rest_route=\/wp\/v2\/users\/1"}],"replies":[{"embeddable":true,"href":"https:\/\/jjm.gcjm.de\/index.php?rest_route=%2Fwp%2Fv2%2Fcomments&post=1448"}],"version-history":[{"count":47,"href":"https:\/\/jjm.gcjm.de\/index.php?rest_route=\/wp\/v2\/pages\/1448\/revisions"}],"predecessor-version":[{"id":2154,"href":"https:\/\/jjm.gcjm.de\/index.php?rest_route=\/wp\/v2\/pages\/1448\/revisions\/2154"}],"wp:attachment":[{"href":"https:\/\/jjm.gcjm.de\/index.php?rest_route=%2Fwp%2Fv2%2Fmedia&parent=1448"}],"curies":[{"name":"wp","href":"https:\/\/api.w.org\/{rel}","templated":true}]}}