{"id":1152,"date":"2022-12-01T16:46:56","date_gmt":"2022-12-01T14:46:56","guid":{"rendered":"https:\/\/jjm.gcjm.de\/?page_id=1152"},"modified":"2026-01-13T08:44:04","modified_gmt":"2026-01-13T06:44:04","slug":"neu-hier","status":"publish","type":"page","link":"https:\/\/jjm.gcjm.de\/?page_id=1152","title":{"rendered":"Neu hier"},"content":{"rendered":"<p class=\"has-extra-small-font-size\">Ab und zu fasse ich Men\u00fcpunkte zusammen. <br \/>Die alten Eintr\u00e4ge findet man aber leicht \u00fcber das Such-Feld unten.<\/p>\n<p class=\"has-extra-small-font-size\">o Erinnerung an <a href=\"https:\/\/jjm.gcjm.de\/wp-content\/uploads\/2026\/01\/2026_0111_GabyUndHawo.pdf\" target=\"_blank\" rel=\"noreferrer noopener nofollow\">Gabriele und Hans-Wolfgang<\/a><br \/>o <a href=\"https:\/\/jjm.gcjm.de\/?page_id=2124\" target=\"_blank\" rel=\"noreferrer noopener nofollow\">Mutti Ehrung<\/a><br \/>o <a href=\"https:\/\/jjm.gcjm.de\/?page_id=813\">Biesolds<\/a> (Gro\u00dfeltern, Eltern)<br \/>o <a href=\"https:\/\/jjm.gcjm.de\/wp-content\/uploads\/2025\/08\/Zeitz.pdf\" target=\"_blank\" rel=\"noreferrer noopener\">Erinnerungen an Zeitz bis 1950<\/a> (2025)<br \/>o <a href=\"https:\/\/jjm.gcjm.de\/?page_id=2008\" target=\"_blank\" rel=\"noreferrer noopener\">Die Ostsee bei Ko\u0142obrzeg<\/a> ( Kolberg) 2025<br \/>o <a href=\"https:\/\/jjm.gcjm.de\/wp-content\/uploads\/2025\/06\/1947_0000_PaulHaukeFeldpost.pdf\" target=\"_blank\" rel=\"noreferrer noopener nofollow\">Feldpost &#8211; Briefe<\/a> von P. Paulus Maria aus aus Gefangenenlagern (1947,1948)<br \/>o <a href=\"https:\/\/jjm.gcjm.de\/wp-content\/uploads\/2025\/06\/2008_0600_GeorgHauke_RueckertMueller.pdf\" target=\"_blank\" rel=\"noreferrer noopener\">Bunzlauer Zeitung \u00fcber Georg Hauke<\/a> (R\u00fcckert, M\u00fcller 2008)<br \/>o <a href=\"https:\/\/jjm.gcjm.de\/wp-content\/uploads\/2025\/06\/GleichnisVerlorenerSohn.pdf\" target=\"_blank\" rel=\"noreferrer noopener nofollow\">Gleichnis vom Verlorenen Sohn<\/a> (2005)<br \/>o <a href=\"https:\/\/jjm.gcjm.de\/?page_id=1907\" target=\"_blank\" rel=\"noreferrer noopener nofollow\">Spa\u00dflieder<\/a> (2025)<br \/>o <a href=\"https:\/\/jjm.gcjm.de\/?page_id=1885\" target=\"_blank\" rel=\"noreferrer noopener nofollow\">Schlesisches<\/a> (2025)<br \/>o <a href=\"https:\/\/jjm.gcjm.de\/?page_id=1616\" target=\"_blank\" rel=\"noreferrer noopener nofollow\">Staubsaugerklavier<\/a> &#8211; Odkurzacz \u2013 fortepian (f\u00fcr Benio)<br \/>o <a href=\"https:\/\/jjm.gcjm.de\/wp-content\/uploads\/2025\/01\/brad.pdf\" target=\"_blank\" rel=\"noreferrer noopener nofollow\">Das Klapprad &#8211; Rower sk\u0142adany<\/a> (2025)<br \/>o <a href=\"https:\/\/jjm.gcjm.de\/wp-content\/uploads\/2025\/01\/2024_1200_UrlaubLaPalma.pdf\" target=\"_blank\" rel=\"noreferrer noopener\">Urlaub in La Palma<\/a> im Dezember 2024 (2025)<br \/>o <a href=\"https:\/\/jjm.gcjm.de\/wp-content\/uploads\/2024\/12\/georgs_datenbank.pdf\" target=\"_blank\" rel=\"noreferrer noopener nofollow\">Georgs Universo-Datenbank<\/a> (mit KI erzeugt ;-) 2024)<br \/>o <a href=\"https:\/\/jjm.gcjm.de\/wp-content\/uploads\/2024\/10\/2024_1028_Vergaenglich.pdf\" target=\"_blank\" rel=\"noreferrer noopener nofollow\">Alles ist verg\u00e4nglich<\/a> (2024)<\/p><\/p>\n","protected":false},"excerpt":{"rendered":"<p>Ab und zu fasse ich Men\u00fcpunkte zusammen. Die alten Eintr\u00e4ge findet man aber leicht \u00fcber das Such-Feld unten. o Erinnerung an Gabriele und Hans-Wolfgango Mutti Ehrungo Biesolds (Gro\u00dfeltern, Eltern)o Erinnerungen an Zeitz bis 1950 (2025)o Die Ostsee bei Ko\u0142obrzeg ( Kolberg) 2025o Feldpost &#8211; Briefe von P. Paulus Maria aus aus Gefangenenlagern (1947,1948)o Bunzlauer Zeitung&hellip; <a class=\"more-link\" href=\"https:\/\/jjm.gcjm.de\/?page_id=1152\"><span class=\"screen-reader-text\">Neu hier<\/span> weiterlesen<\/a><\/p>\n","protected":false},"author":1,"featured_media":0,"parent":0,"menu_order":0,"comment_status":"closed","ping_status":"closed","template":"","meta":{"footnotes":""},"class_list":["post-1152","page","type-page","status-publish","hentry","entry"],"_links":{"self":[{"href":"https:\/\/jjm.gcjm.de\/index.php?rest_route=\/wp\/v2\/pages\/1152","targetHints":{"allow":["GET"]}}],"collection":[{"href":"https:\/\/jjm.gcjm.de\/index.php?rest_route=\/wp\/v2\/pages"}],"about":[{"href":"https:\/\/jjm.gcjm.de\/index.php?rest_route=\/wp\/v2\/types\/page"}],"author":[{"embeddable":true,"href":"https:\/\/jjm.gcjm.de\/index.php?rest_route=\/wp\/v2\/users\/1"}],"replies":[{"embeddable":true,"href":"https:\/\/jjm.gcjm.de\/index.php?rest_route=%2Fwp%2Fv2%2Fcomments&post=1152"}],"version-history":[{"count":49,"href":"https:\/\/jjm.gcjm.de\/index.php?rest_route=\/wp\/v2\/pages\/1152\/revisions"}],"predecessor-version":[{"id":2156,"href":"https:\/\/jjm.gcjm.de\/index.php?rest_route=\/wp\/v2\/pages\/1152\/revisions\/2156"}],"wp:attachment":[{"href":"https:\/\/jjm.gcjm.de\/index.php?rest_route=%2Fwp%2Fv2%2Fmedia&parent=1152"}],"curies":[{"name":"wp","href":"https:\/\/api.w.org\/{rel}","templated":true}]}}