{"id":1113,"date":"2022-11-23T23:14:22","date_gmt":"2022-11-23T21:14:22","guid":{"rendered":"https:\/\/jjm.gcjm.de\/?page_id=1113"},"modified":"2022-11-24T11:29:19","modified_gmt":"2022-11-24T09:29:19","slug":"professor-n-j","status":"publish","type":"page","link":"https:\/\/jjm.gcjm.de\/?page_id=1113","title":{"rendered":"Professor N.J."},"content":{"rendered":"<p>Professor Dr. N.J. Lehmann:<br \/>Er war,  wie Konrad Zuse, u.a. ein Rechentechnik-Pionier. <br \/>W\u00e4re dieses Jahr 100 geworden!<br \/>N.J. = Nikolaus Joachim Lehmann<br \/>Er war Sorbe =  Mik\u0142aw\u0161 Joachim Wi\u0107az<br \/>* 15. M\u00e4rz 1921 in Camina, \u2020 27. Juni 1998 in Dresden<br \/>N.J. ist wie ich an den Iden des M\u00e4rz geboren.<br \/>Ich hatte ihn als Mathematik &#8211; Professor. Hier Bilder aus der Vorlesung. <\/p>\n<figure class=\"wp-block-gallery has-nested-images columns-default is-cropped wp-block-gallery-1 is-layout-flex wp-block-gallery-is-layout-flex\">\n<figure class=\"wp-block-image size-large\"><a href=\"https:\/\/jjm.gcjm.de\/wp-content\/uploads\/2022\/11\/1966_0000_NJLehmann6.jpg\"><img loading=\"lazy\" decoding=\"async\" width=\"491\" height=\"743\" data-id=\"1097\" src=\"https:\/\/jjm.gcjm.de\/wp-content\/uploads\/2022\/11\/1966_0000_NJLehmann6.jpg\" alt=\"\" class=\"wp-image-1097\" srcset=\"https:\/\/jjm.gcjm.de\/wp-content\/uploads\/2022\/11\/1966_0000_NJLehmann6.jpg 491w, https:\/\/jjm.gcjm.de\/wp-content\/uploads\/2022\/11\/1966_0000_NJLehmann6-198x300.jpg 198w\" sizes=\"auto, (max-width: 491px) 100vw, 491px\" \/><\/a><\/figure>\n<figure class=\"wp-block-image size-large\"><a href=\"https:\/\/jjm.gcjm.de\/wp-content\/uploads\/2022\/11\/1966_0000_NJLehmann2.jpg\"><img loading=\"lazy\" decoding=\"async\" width=\"524\" height=\"743\" data-id=\"1094\" src=\"https:\/\/jjm.gcjm.de\/wp-content\/uploads\/2022\/11\/1966_0000_NJLehmann2.jpg\" alt=\"\" class=\"wp-image-1094\" srcset=\"https:\/\/jjm.gcjm.de\/wp-content\/uploads\/2022\/11\/1966_0000_NJLehmann2.jpg 524w, https:\/\/jjm.gcjm.de\/wp-content\/uploads\/2022\/11\/1966_0000_NJLehmann2-212x300.jpg 212w\" sizes=\"auto, (max-width: 524px) 100vw, 524px\" \/><\/a><\/figure>\n<figure class=\"wp-block-image size-large\"><a href=\"https:\/\/jjm.gcjm.de\/wp-content\/uploads\/2022\/11\/1966_0000_NJLehmann3.jpg\"><img loading=\"lazy\" decoding=\"async\" width=\"508\" height=\"754\" data-id=\"1095\" src=\"https:\/\/jjm.gcjm.de\/wp-content\/uploads\/2022\/11\/1966_0000_NJLehmann3.jpg\" alt=\"\" class=\"wp-image-1095\" srcset=\"https:\/\/jjm.gcjm.de\/wp-content\/uploads\/2022\/11\/1966_0000_NJLehmann3.jpg 508w, https:\/\/jjm.gcjm.de\/wp-content\/uploads\/2022\/11\/1966_0000_NJLehmann3-202x300.jpg 202w\" sizes=\"auto, (max-width: 508px) 100vw, 508px\" \/><\/a><\/figure>\n<figure class=\"wp-block-image size-large\"><a href=\"https:\/\/jjm.gcjm.de\/wp-content\/uploads\/2022\/11\/1966_0000_NJLehmann4.jpg\"><img loading=\"lazy\" decoding=\"async\" width=\"507\" height=\"764\" data-id=\"1093\" src=\"https:\/\/jjm.gcjm.de\/wp-content\/uploads\/2022\/11\/1966_0000_NJLehmann4.jpg\" alt=\"\" class=\"wp-image-1093\" srcset=\"https:\/\/jjm.gcjm.de\/wp-content\/uploads\/2022\/11\/1966_0000_NJLehmann4.jpg 507w, https:\/\/jjm.gcjm.de\/wp-content\/uploads\/2022\/11\/1966_0000_NJLehmann4-199x300.jpg 199w\" sizes=\"auto, (max-width: 507px) 100vw, 507px\" \/><\/a><\/figure>\n<figure class=\"wp-block-image size-large\"><a href=\"https:\/\/jjm.gcjm.de\/wp-content\/uploads\/2022\/11\/1966_0000_NJLehmann5.jpg\"><img loading=\"lazy\" decoding=\"async\" width=\"518\" height=\"740\" data-id=\"1096\" src=\"https:\/\/jjm.gcjm.de\/wp-content\/uploads\/2022\/11\/1966_0000_NJLehmann5.jpg\" alt=\"\" class=\"wp-image-1096\" srcset=\"https:\/\/jjm.gcjm.de\/wp-content\/uploads\/2022\/11\/1966_0000_NJLehmann5.jpg 518w, https:\/\/jjm.gcjm.de\/wp-content\/uploads\/2022\/11\/1966_0000_NJLehmann5-210x300.jpg 210w\" sizes=\"auto, (max-width: 518px) 100vw, 518px\" \/><\/a><\/figure>\n<figure class=\"wp-block-image size-large\"><a href=\"https:\/\/jjm.gcjm.de\/wp-content\/uploads\/2022\/11\/1966_0000_NJLehmann1.jpg\"><img loading=\"lazy\" decoding=\"async\" width=\"745\" height=\"456\" data-id=\"1098\" src=\"https:\/\/jjm.gcjm.de\/wp-content\/uploads\/2022\/11\/1966_0000_NJLehmann1.jpg\" alt=\"\" class=\"wp-image-1098\" srcset=\"https:\/\/jjm.gcjm.de\/wp-content\/uploads\/2022\/11\/1966_0000_NJLehmann1.jpg 745w, https:\/\/jjm.gcjm.de\/wp-content\/uploads\/2022\/11\/1966_0000_NJLehmann1-300x184.jpg 300w\" sizes=\"auto, (max-width: 745px) 100vw, 745px\" \/><\/a><\/figure>\n<\/figure>\n<p>Anekdoten zu N.J.:<br \/><a href=\"https:\/\/jjm.gcjm.de\/wp-content\/uploads\/2022\/11\/NJLehmann2.pdf\">Karneval bei der Mathe-Vorlesung<\/a> (pdf &#8211; Datei)<\/p>\n","protected":false},"excerpt":{"rendered":"<p>Professor Dr. N.J. Lehmann:Er war, wie Konrad Zuse, u.a. ein Rechentechnik-Pionier. W\u00e4re dieses Jahr 100 geworden!N.J. = Nikolaus Joachim LehmannEr war Sorbe = Mik\u0142aw\u0161 Joachim Wi\u0107az* 15. M\u00e4rz 1921 in Camina, \u2020 27. Juni 1998 in DresdenN.J. ist wie ich an den Iden des M\u00e4rz geboren.Ich hatte ihn als Mathematik &#8211; Professor. Hier Bilder aus&hellip; <a class=\"more-link\" href=\"https:\/\/jjm.gcjm.de\/?page_id=1113\"><span class=\"screen-reader-text\">Professor N.J.<\/span> weiterlesen<\/a><\/p>\n","protected":false},"author":1,"featured_media":0,"parent":0,"menu_order":0,"comment_status":"closed","ping_status":"closed","template":"","meta":{"footnotes":""},"class_list":["post-1113","page","type-page","status-publish","hentry","entry"],"_links":{"self":[{"href":"https:\/\/jjm.gcjm.de\/index.php?rest_route=\/wp\/v2\/pages\/1113","targetHints":{"allow":["GET"]}}],"collection":[{"href":"https:\/\/jjm.gcjm.de\/index.php?rest_route=\/wp\/v2\/pages"}],"about":[{"href":"https:\/\/jjm.gcjm.de\/index.php?rest_route=\/wp\/v2\/types\/page"}],"author":[{"embeddable":true,"href":"https:\/\/jjm.gcjm.de\/index.php?rest_route=\/wp\/v2\/users\/1"}],"replies":[{"embeddable":true,"href":"https:\/\/jjm.gcjm.de\/index.php?rest_route=%2Fwp%2Fv2%2Fcomments&post=1113"}],"version-history":[{"count":5,"href":"https:\/\/jjm.gcjm.de\/index.php?rest_route=\/wp\/v2\/pages\/1113\/revisions"}],"predecessor-version":[{"id":1124,"href":"https:\/\/jjm.gcjm.de\/index.php?rest_route=\/wp\/v2\/pages\/1113\/revisions\/1124"}],"wp:attachment":[{"href":"https:\/\/jjm.gcjm.de\/index.php?rest_route=%2Fwp%2Fv2%2Fmedia&parent=1113"}],"curies":[{"name":"wp","href":"https:\/\/api.w.org\/{rel}","templated":true}]}}