{"id":1089,"date":"2022-11-12T10:11:24","date_gmt":"2022-11-12T08:11:24","guid":{"rendered":"https:\/\/jjm.gcjm.de\/?page_id=1089"},"modified":"2024-07-24T17:02:30","modified_gmt":"2024-07-24T15:02:30","slug":"georg","status":"publish","type":"page","link":"https:\/\/jjm.gcjm.de\/?page_id=1089","title":{"rendered":"Ich, Georg"},"content":{"rendered":"<p class=\"has-extra-small-font-size\"><strong>o <\/strong> <a href=\"https:\/\/jjm.gcjm.de\/wp-content\/uploads\/2022\/11\/1999_1027_MuttiZuTanteHildegard.pdf\">Vorgeburtliches <\/a>(1944) : Brief meiner Mutter an mich \u00fcber ihre Flucht aus Breslau. (Meine Eltern, Gro\u00dfeltern und ich wurde in &#8222;Mitteldeutschland&#8220; ans\u00e4ssig).<\/p>\n<p>o <a href=\"https:\/\/jjm.gcjm.de\/wp-content\/uploads\/2024\/07\/LancasterBomber_GeorgsGeburt.pdf\" data-type=\"page\" data-id=\"1017\" target=\"_blank\" rel=\"noreferrer noopener nofollow\">Absturz eines Lancaster-Bomber 1945 und meine Geburt<\/a><\/p>\n<p class=\"has-extra-small-font-size\"><strong>o <\/strong> Geboren in Naumburg \/ Saale an den Iden des M\u00e4rz 1945.<br \/>Hier sollen sp\u00e4ter weitere Lebensdaten folgen ;-)<\/p>\n<p class=\"has-extra-small-font-size\">o  Studium (1964-1970) an der TU &#8211; Dresden<\/p>\n<p class=\"has-extra-small-font-size\">Anekdote: Am Ende des Studiums nahm ich als Wahlfach &#8222;Programmierung in Algol60&#8220;:  Bei der m\u00fcndlichen Pr\u00fcfung war eine kleine einfache Aufgabe zu l\u00f6sen. Ich stellte mich saubl\u00f6d an. Der Dozent sch\u00fcttelte nur den Kopf: <em>&#8222;Ich gebe Ihnen noch ein Gen\u00fcgend, damit ich Sie nie wieder sehe und rate Ihnen dringend, dieses Fach niemals in der Industrie auszu\u00fcben. Sie w\u00fcrden Sch\u00e4den in Millionen &#8211; H\u00f6he verursachen!&#8220;<\/em><br \/>Programmierung wurde dann genau mein <strong>geliebter<\/strong> Beruf!<\/p>\n<p class=\"has-extra-small-font-size\">Grundlagen der Mathematik: =&gt; <a href=\"https:\/\/jjm.gcjm.de\/?page_id=1113\"> zur Prof. N.J. Lehmann &#8211; Seite<\/a><\/p>\n","protected":false},"excerpt":{"rendered":"<p>o Vorgeburtliches (1944) : Brief meiner Mutter an mich \u00fcber ihre Flucht aus Breslau. (Meine Eltern, Gro\u00dfeltern und ich wurde in &#8222;Mitteldeutschland&#8220; ans\u00e4ssig). o Absturz eines Lancaster-Bomber 1945 und meine Geburt o Geboren in Naumburg \/ Saale an den Iden des M\u00e4rz 1945.Hier sollen sp\u00e4ter weitere Lebensdaten folgen ;-) o Studium (1964-1970) an der TU&hellip; <a class=\"more-link\" href=\"https:\/\/jjm.gcjm.de\/?page_id=1089\"><span class=\"screen-reader-text\">Ich, Georg<\/span> weiterlesen<\/a><\/p>\n","protected":false},"author":1,"featured_media":0,"parent":0,"menu_order":0,"comment_status":"closed","ping_status":"closed","template":"","meta":{"footnotes":""},"class_list":["post-1089","page","type-page","status-publish","hentry","entry"],"_links":{"self":[{"href":"https:\/\/jjm.gcjm.de\/index.php?rest_route=\/wp\/v2\/pages\/1089","targetHints":{"allow":["GET"]}}],"collection":[{"href":"https:\/\/jjm.gcjm.de\/index.php?rest_route=\/wp\/v2\/pages"}],"about":[{"href":"https:\/\/jjm.gcjm.de\/index.php?rest_route=\/wp\/v2\/types\/page"}],"author":[{"embeddable":true,"href":"https:\/\/jjm.gcjm.de\/index.php?rest_route=\/wp\/v2\/users\/1"}],"replies":[{"embeddable":true,"href":"https:\/\/jjm.gcjm.de\/index.php?rest_route=%2Fwp%2Fv2%2Fcomments&post=1089"}],"version-history":[{"count":20,"href":"https:\/\/jjm.gcjm.de\/index.php?rest_route=\/wp\/v2\/pages\/1089\/revisions"}],"predecessor-version":[{"id":1780,"href":"https:\/\/jjm.gcjm.de\/index.php?rest_route=\/wp\/v2\/pages\/1089\/revisions\/1780"}],"wp:attachment":[{"href":"https:\/\/jjm.gcjm.de\/index.php?rest_route=%2Fwp%2Fv2%2Fmedia&parent=1089"}],"curies":[{"name":"wp","href":"https:\/\/api.w.org\/{rel}","templated":true}]}}